{"id":5495,"date":"2023-10-31T14:35:14","date_gmt":"2023-10-31T12:35:14","guid":{"rendered":"https:\/\/www.econlaw.gr\/?page_id=5495"},"modified":"2023-10-31T14:36:06","modified_gmt":"2023-10-31T12:36:06","slug":"domaines-dexpertise","status":"publish","type":"page","link":"https:\/\/www.econlaw.gr\/fr\/domaines-dexpertise\/","title":{"rendered":"Domaines d&#8217;expertise"},"content":{"rendered":"<p>[vc_row content_width=&#8221;grid&#8221; css=&#8221;.vc_custom_1447248999330{padding-bottom: 70px !important;}&#8221;][vc_column]<div class = \"mkd-portfolio-list-holder-outer mkd-ptf-standard mkd-ptf-four-columns\" data-next-page= 2 data-type= standard data-columns= four data-grid-size= three data-order-by= menu_order data-order= ASC data-number= -1 data-image-size= square data-filter= no data-filter-order-by= name data-show-load-more= no data-title-tag= h4 data-max-num-pages = 0><div class = \"mkd-portfolio-list-holder clearfix\" ><!--space for right ordering on the list- has to be here-->\n<article class=\"mkd-portfolio-item mix \">\n\t<div class = \"mkd-item-image-holder\">\n\t\t<a href=\"https:\/\/www.econlaw.gr\/fr\/portfolio-item\/avocats-specialises-dans-les-accidents-de-la-circulation-en-grece\/\">\n\t\t\t<img loading=\"lazy\" decoding=\"async\" width=\"612\" height=\"408\" src=\"https:\/\/www.econlaw.gr\/wp-content\/uploads\/2023\/09\/istockphoto-451333971-612x612-1.jpg\" class=\"attachment-libero_mikado_square size-libero_mikado_square wp-post-image\" alt=\"Avocats sp\u00e9cialis\u00e9s dans les accidents de la circulation en Gr\u00e8ce\" srcset=\"https:\/\/www.econlaw.gr\/wp-content\/uploads\/2023\/09\/istockphoto-451333971-612x612-1.jpg 612w, https:\/\/www.econlaw.gr\/wp-content\/uploads\/2023\/09\/istockphoto-451333971-612x612-1-300x200.jpg 300w\" sizes=\"auto, (max-width: 612px) 100vw, 612px\" \/>\t\t\t\t\n\t\t<\/a>\n\t<\/div>\n\t<div class=\"mkd-item-text-holder\">\n\t\t<h4 class=\"mkd-item-title\">\n\t\t\t<a href=\"https:\/\/www.econlaw.gr\/fr\/portfolio-item\/avocats-specialises-dans-les-accidents-de-la-circulation-en-grece\/\">\n\t\t\t\tDroit de la circulation\t\t\t<\/a>\t\n\t\t<\/h4>\t\n\t\t<div class=\"mkd-ptf-category-holder\"><\/div>\t<\/div>\n<\/article>\n<!--space for right ordering on the list- has to be here--><!--space for right ordering on the list- has to be here-->\n<article class=\"mkd-portfolio-item mix \">\n\t<div class = \"mkd-item-image-holder\">\n\t\t<a href=\"https:\/\/www.econlaw.gr\/fr\/portfolio-item\/avocats-specialises-en-droit-de-limmigration-en-grece\/\">\n\t\t\t<img loading=\"lazy\" decoding=\"async\" width=\"612\" height=\"408\" src=\"https:\/\/www.econlaw.gr\/wp-content\/uploads\/2023\/09\/image11.jpeg\" class=\"attachment-libero_mikado_square size-libero_mikado_square wp-post-image\" alt=\"US passports and judges\" srcset=\"https:\/\/www.econlaw.gr\/wp-content\/uploads\/2023\/09\/image11.jpeg 612w, https:\/\/www.econlaw.gr\/wp-content\/uploads\/2023\/09\/image11-300x200.jpeg 300w\" sizes=\"auto, (max-width: 612px) 100vw, 612px\" \/>\t\t\t\t\n\t\t<\/a>\n\t<\/div>\n\t<div class=\"mkd-item-text-holder\">\n\t\t<h4 class=\"mkd-item-title\">\n\t\t\t<a href=\"https:\/\/www.econlaw.gr\/fr\/portfolio-item\/avocats-specialises-en-droit-de-limmigration-en-grece\/\">\n\t\t\t\tDroit de l&#8217;immgiration\t\t\t<\/a>\t\n\t\t<\/h4>\t\n\t\t<div class=\"mkd-ptf-category-holder\"><\/div>\t<\/div>\n<\/article>\n<!--space for right ordering on the list- has to be here--><!--space for right ordering on the list- has to be here-->\n<article class=\"mkd-portfolio-item mix \">\n\t<div class = \"mkd-item-image-holder\">\n\t\t<a href=\"https:\/\/www.econlaw.gr\/fr\/portfolio-item\/avocat-pour-successions-grece\/\">\n\t\t\t<img loading=\"lazy\" decoding=\"async\" width=\"650\" height=\"480\" src=\"https:\/\/www.econlaw.gr\/wp-content\/uploads\/2023\/09\/image21-650x480.jpeg\" class=\"attachment-libero_mikado_square size-libero_mikado_square wp-post-image\" alt=\"Meilleur Avocat pour successions Gr\u00e8ce\" \/>\t\t\t\t\n\t\t<\/a>\n\t<\/div>\n\t<div class=\"mkd-item-text-holder\">\n\t\t<h4 class=\"mkd-item-title\">\n\t\t\t<a href=\"https:\/\/www.econlaw.gr\/fr\/portfolio-item\/avocat-pour-successions-grece\/\">\n\t\t\t\tDroit de succession\t\t\t<\/a>\t\n\t\t<\/h4>\t\n\t\t<div class=\"mkd-ptf-category-holder\"><\/div>\t<\/div>\n<\/article>\n<!--space for right ordering on the list- has to be here--><!--space for right ordering on the list- has to be here-->\n<article class=\"mkd-portfolio-item mix \">\n\t<div class = \"mkd-item-image-holder\">\n\t\t<a href=\"https:\/\/www.econlaw.gr\/fr\/portfolio-item\/droit-immobilier-en-grece\/\">\n\t\t\t<img loading=\"lazy\" decoding=\"async\" width=\"650\" height=\"650\" src=\"https:\/\/www.econlaw.gr\/wp-content\/uploads\/2023\/09\/19e9a29c-city-50022-17065e636a9-650x650.jpg\" class=\"attachment-libero_mikado_square size-libero_mikado_square wp-post-image\" alt=\"Meilleurs Droit immobilier \u00e0 Gr\u00e8ce\" srcset=\"https:\/\/www.econlaw.gr\/wp-content\/uploads\/2023\/09\/19e9a29c-city-50022-17065e636a9-650x650.jpg 650w, https:\/\/www.econlaw.gr\/wp-content\/uploads\/2023\/09\/19e9a29c-city-50022-17065e636a9-150x150.jpg 150w\" sizes=\"auto, (max-width: 650px) 100vw, 650px\" \/>\t\t\t\t\n\t\t<\/a>\n\t<\/div>\n\t<div class=\"mkd-item-text-holder\">\n\t\t<h4 class=\"mkd-item-title\">\n\t\t\t<a href=\"https:\/\/www.econlaw.gr\/fr\/portfolio-item\/droit-immobilier-en-grece\/\">\n\t\t\t\tDroit immobilier\t\t\t<\/a>\t\n\t\t<\/h4>\t\n\t\t<div class=\"mkd-ptf-category-holder\"><\/div>\t<\/div>\n<\/article>\n<!--space for right ordering on the list- has to be here--><!--space for right ordering on the list- has to be here-->\n<article class=\"mkd-portfolio-item mix \">\n\t<div class = \"mkd-item-image-holder\">\n\t\t<a href=\"https:\/\/www.econlaw.gr\/fr\/portfolio-item\/avocats-du-secteur-bancaire-et-financier-en-grece\/\">\n\t\t\t<img loading=\"lazy\" decoding=\"async\" width=\"650\" height=\"450\" src=\"https:\/\/www.econlaw.gr\/wp-content\/uploads\/2023\/09\/thumbnail_image18-650x450.jpg\" class=\"attachment-libero_mikado_square size-libero_mikado_square wp-post-image\" alt=\"Banking and Finance Lawyers in Greece\" \/>\t\t\t\t\n\t\t<\/a>\n\t<\/div>\n\t<div class=\"mkd-item-text-holder\">\n\t\t<h4 class=\"mkd-item-title\">\n\t\t\t<a href=\"https:\/\/www.econlaw.gr\/fr\/portfolio-item\/avocats-du-secteur-bancaire-et-financier-en-grece\/\">\n\t\t\t\tDroit bancaire et financier\t\t\t<\/a>\t\n\t\t<\/h4>\t\n\t\t<div class=\"mkd-ptf-category-holder\"><\/div>\t<\/div>\n<\/article>\n<!--space for right ordering on the list- has to be here--><!--space for right ordering on the list- has to be here-->\n<article class=\"mkd-portfolio-item mix \">\n\t<div class = \"mkd-item-image-holder\">\n\t\t<a href=\"https:\/\/www.econlaw.gr\/fr\/portfolio-item\/avocats-specialises-en-droit-de-la-famille-en-grece\/\">\n\t\t\t<img loading=\"lazy\" decoding=\"async\" width=\"650\" height=\"650\" src=\"https:\/\/www.econlaw.gr\/wp-content\/uploads\/2023\/09\/nuclear-family-650x650.jpg\" class=\"attachment-libero_mikado_square size-libero_mikado_square wp-post-image\" alt=\"Best Family Lawyers in Greece\" srcset=\"https:\/\/www.econlaw.gr\/wp-content\/uploads\/2023\/09\/nuclear-family-650x650.jpg 650w, https:\/\/www.econlaw.gr\/wp-content\/uploads\/2023\/09\/nuclear-family-150x150.jpg 150w\" sizes=\"auto, (max-width: 650px) 100vw, 650px\" \/>\t\t\t\t\n\t\t<\/a>\n\t<\/div>\n\t<div class=\"mkd-item-text-holder\">\n\t\t<h4 class=\"mkd-item-title\">\n\t\t\t<a href=\"https:\/\/www.econlaw.gr\/fr\/portfolio-item\/avocats-specialises-en-droit-de-la-famille-en-grece\/\">\n\t\t\t\tDroit de la famille\t\t\t<\/a>\t\n\t\t<\/h4>\t\n\t\t<div class=\"mkd-ptf-category-holder\"><\/div>\t<\/div>\n<\/article>\n<!--space for right ordering on the list- has to be here--><!--space for right ordering on the list- has to be here-->\n<article class=\"mkd-portfolio-item mix \">\n\t<div class = \"mkd-item-image-holder\">\n\t\t<a href=\"https:\/\/www.econlaw.gr\/fr\/portfolio-item\/droit-de-la-propriete-intellectuelle\/\">\n\t\t\t<img loading=\"lazy\" decoding=\"async\" width=\"612\" height=\"408\" src=\"https:\/\/www.econlaw.gr\/wp-content\/uploads\/2023\/09\/image13.jpeg\" class=\"attachment-libero_mikado_square size-libero_mikado_square wp-post-image\" alt=\"Intellicual Property Lawyers in Greece\" srcset=\"https:\/\/www.econlaw.gr\/wp-content\/uploads\/2023\/09\/image13.jpeg 612w, https:\/\/www.econlaw.gr\/wp-content\/uploads\/2023\/09\/image13-300x200.jpeg 300w\" sizes=\"auto, (max-width: 612px) 100vw, 612px\" \/>\t\t\t\t\n\t\t<\/a>\n\t<\/div>\n\t<div class=\"mkd-item-text-holder\">\n\t\t<h4 class=\"mkd-item-title\">\n\t\t\t<a href=\"https:\/\/www.econlaw.gr\/fr\/portfolio-item\/droit-de-la-propriete-intellectuelle\/\">\n\t\t\t\tDroit de la propri\u00e9t\u00e9 intellectuelle\t\t\t<\/a>\t\n\t\t<\/h4>\t\n\t\t<div class=\"mkd-ptf-category-holder\"><\/div>\t<\/div>\n<\/article>\n<!--space for right ordering on the list- has to be here--><!--space for right ordering on the list- has to be here-->\n<article class=\"mkd-portfolio-item mix \">\n\t<div class = \"mkd-item-image-holder\">\n\t\t<a href=\"https:\/\/www.econlaw.gr\/fr\/portfolio-item\/avocats-specialises-dans-la-logistique-des-transports-en-grece\/\">\n\t\t\t<img loading=\"lazy\" decoding=\"async\" width=\"600\" height=\"428\" src=\"https:\/\/www.econlaw.gr\/wp-content\/uploads\/2023\/09\/depositphotos_53030279-stock-photo-landscape-from-bird-view-of.webp\" class=\"attachment-libero_mikado_square size-libero_mikado_square wp-post-image\" alt=\"Avocats sp\u00e9cialis\u00e9s dans le transport et la logistique en Gr\u00e8ce\" srcset=\"https:\/\/www.econlaw.gr\/wp-content\/uploads\/2023\/09\/depositphotos_53030279-stock-photo-landscape-from-bird-view-of.webp 600w, https:\/\/www.econlaw.gr\/wp-content\/uploads\/2023\/09\/depositphotos_53030279-stock-photo-landscape-from-bird-view-of-300x214.webp 300w\" sizes=\"auto, (max-width: 600px) 100vw, 600px\" \/>\t\t\t\t\n\t\t<\/a>\n\t<\/div>\n\t<div class=\"mkd-item-text-holder\">\n\t\t<h4 class=\"mkd-item-title\">\n\t\t\t<a href=\"https:\/\/www.econlaw.gr\/fr\/portfolio-item\/avocats-specialises-dans-la-logistique-des-transports-en-grece\/\">\n\t\t\t\tDroit des transports et de la logistique\t\t\t<\/a>\t\n\t\t<\/h4>\t\n\t\t<div class=\"mkd-ptf-category-holder\"><\/div>\t<\/div>\n<\/article>\n<!--space for right ordering on the list- has to be here--><!--space for right ordering on the list- has to be here-->\n<article class=\"mkd-portfolio-item mix \">\n\t<div class = \"mkd-item-image-holder\">\n\t\t<a href=\"https:\/\/www.econlaw.gr\/fr\/portfolio-item\/avocats-specialises-en-droit-medical-en-grece\/\">\n\t\t\t<img loading=\"lazy\" decoding=\"async\" width=\"650\" height=\"540\" src=\"https:\/\/www.econlaw.gr\/wp-content\/uploads\/2023\/09\/Healthcare_Law.jpeg-650x540.jpg\" class=\"attachment-libero_mikado_square size-libero_mikado_square wp-post-image\" alt=\"avocats-m\u00e9dicaux-en-grece\" \/>\t\t\t\t\n\t\t<\/a>\n\t<\/div>\n\t<div class=\"mkd-item-text-holder\">\n\t\t<h4 class=\"mkd-item-title\">\n\t\t\t<a href=\"https:\/\/www.econlaw.gr\/fr\/portfolio-item\/avocats-specialises-en-droit-medical-en-grece\/\">\n\t\t\t\tDroit m\u00e9dical\t\t\t<\/a>\t\n\t\t<\/h4>\t\n\t\t<div class=\"mkd-ptf-category-holder\"><\/div>\t<\/div>\n<\/article>\n<!--space for right ordering on the list- has to be here--><!--space for right ordering on the list- has to be here-->\n<article class=\"mkd-portfolio-item mix \">\n\t<div class = \"mkd-item-image-holder\">\n\t\t<a href=\"https:\/\/www.econlaw.gr\/fr\/portfolio-item\/avocats-militaires-en-grece\/\">\n\t\t\t<img loading=\"lazy\" decoding=\"async\" width=\"650\" height=\"650\" src=\"https:\/\/www.econlaw.gr\/wp-content\/uploads\/2023\/09\/image0-650x650.jpeg\" class=\"attachment-libero_mikado_square size-libero_mikado_square wp-post-image\" alt=\"Avocats militaires en Gr\u00e8ce\" srcset=\"https:\/\/www.econlaw.gr\/wp-content\/uploads\/2023\/09\/image0-650x650.jpeg 650w, https:\/\/www.econlaw.gr\/wp-content\/uploads\/2023\/09\/image0-150x150.jpeg 150w\" sizes=\"auto, (max-width: 650px) 100vw, 650px\" \/>\t\t\t\t\n\t\t<\/a>\n\t<\/div>\n\t<div class=\"mkd-item-text-holder\">\n\t\t<h4 class=\"mkd-item-title\">\n\t\t\t<a href=\"https:\/\/www.econlaw.gr\/fr\/portfolio-item\/avocats-militaires-en-grece\/\">\n\t\t\t\tDroit militaire\t\t\t<\/a>\t\n\t\t<\/h4>\t\n\t\t<div class=\"mkd-ptf-category-holder\"><\/div>\t<\/div>\n<\/article>\n<!--space for right ordering on the list- has to be here--><!--space for right ordering on the list- has to be here-->\n<article class=\"mkd-portfolio-item mix \">\n\t<div class = \"mkd-item-image-holder\">\n\t\t<a href=\"https:\/\/www.econlaw.gr\/fr\/portfolio-item\/avocats-specialises-dans-lenergie-en-grece\/\">\n\t\t\t<img loading=\"lazy\" decoding=\"async\" width=\"650\" height=\"650\" src=\"https:\/\/www.econlaw.gr\/wp-content\/uploads\/2023\/09\/FloatingSolar_setsoPhoto_sstock1470-650x650.jpg\" class=\"attachment-libero_mikado_square size-libero_mikado_square wp-post-image\" alt=\"Avocats sp\u00e9cialis\u00e9s dans l&#039;\u00e9nergie en Gr\u00e8ce\" srcset=\"https:\/\/www.econlaw.gr\/wp-content\/uploads\/2023\/09\/FloatingSolar_setsoPhoto_sstock1470-650x650.jpg 650w, https:\/\/www.econlaw.gr\/wp-content\/uploads\/2023\/09\/FloatingSolar_setsoPhoto_sstock1470-150x150.jpg 150w\" sizes=\"auto, (max-width: 650px) 100vw, 650px\" \/>\t\t\t\t\n\t\t<\/a>\n\t<\/div>\n\t<div class=\"mkd-item-text-holder\">\n\t\t<h4 class=\"mkd-item-title\">\n\t\t\t<a href=\"https:\/\/www.econlaw.gr\/fr\/portfolio-item\/avocats-specialises-dans-lenergie-en-grece\/\">\n\t\t\t\tDroit de l&#8217;\u00e9nergie\t\t\t<\/a>\t\n\t\t<\/h4>\t\n\t\t<div class=\"mkd-ptf-category-holder\"><\/div>\t<\/div>\n<\/article>\n<!--space for right ordering on the list- has to be here--><!--space for right ordering on the list- has to be here-->\n<article class=\"mkd-portfolio-item mix \">\n\t<div class = \"mkd-item-image-holder\">\n\t\t<a href=\"https:\/\/www.econlaw.gr\/fr\/portfolio-item\/avocats-penalistes-a-athenes-grece\/\">\n\t\t\t<img loading=\"lazy\" decoding=\"async\" width=\"274\" height=\"182\" src=\"https:\/\/www.econlaw.gr\/wp-content\/uploads\/2023\/09\/image23.jpeg\" class=\"attachment-libero_mikado_square size-libero_mikado_square wp-post-image\" alt=\"Criminal Lawyers in Athens Greece\" \/>\t\t\t\t\n\t\t<\/a>\n\t<\/div>\n\t<div class=\"mkd-item-text-holder\">\n\t\t<h4 class=\"mkd-item-title\">\n\t\t\t<a href=\"https:\/\/www.econlaw.gr\/fr\/portfolio-item\/avocats-penalistes-a-athenes-grece\/\">\n\t\t\t\tDroit p\u00e9nal\t\t\t<\/a>\t\n\t\t<\/h4>\t\n\t\t<div class=\"mkd-ptf-category-holder\"><\/div>\t<\/div>\n<\/article>\n<!--space for right ordering on the list- has to be here--><div class=\"mkd-gap\"><\/div><div class=\"mkd-gap\"><\/div><div class=\"mkd-gap\"><\/div><div class=\"mkd-gap\"><\/div><\/div><\/div>[\/vc_column][\/vc_row]<\/p>\n","protected":false},"excerpt":{"rendered":"Avocats p\u00e9nalistes \u00e0 Ath\u00e8nes Gr\u00e8ce Le cabinet d'Avocats p\u00e9nalistes \u00e0 Ath\u00e8nes Gr\u00e8ce Economou &amp; Economou est sp\u00e9cialis\u00e9 dans le droit p\u00e9nal en Gr\u00e8ce, si vous avez des probl\u00e8mes avec la loi, nous vous aiderons en vous fournissant des conseils juridiques de haut niveau, afin de vous garder en s\u00e9curit\u00e9 et de vous \u00e9viter des probl\u00e8mes, en vous garantissant un itin\u00e9raire s\u00fbr \u00e0 travers la proc\u00e9dure p\u00e9nale et les tribunaux p\u00e9naux de n'importe quelle juridiction en Gr\u00e8ce, en traitant en particulier avec un soin particulier votre cas sp\u00e9cifique avec notre approche d\u00e9taill\u00e9e et exp\u00e9riment\u00e9e de notre \u00e9quipe juridique, vous pouvez \u00eatre...","protected":false},"author":1,"featured_media":0,"parent":0,"menu_order":0,"comment_status":"closed","ping_status":"closed","template":"","meta":{"_lmt_disableupdate":"","_lmt_disable":"","ngg_post_thumbnail":0,"footnotes":""},"class_list":["post-5495","page","type-page","status-publish","hentry"],"yoast_head":"<!-- This site is optimized with the Yoast SEO plugin v25.2 - https:\/\/yoast.com\/wordpress\/plugins\/seo\/ -->\n<title>Domaines d&#039;expertise - Economou &amp; Economou Law Office<\/title>\n<meta name=\"robots\" content=\"index, follow, max-snippet:-1, max-image-preview:large, max-video-preview:-1\" \/>\n<link rel=\"canonical\" href=\"https:\/\/www.econlaw.gr\/fr\/domaines-dexpertise\/\" \/>\n<meta property=\"og:locale\" content=\"fr_FR\" \/>\n<meta property=\"og:type\" content=\"article\" \/>\n<meta property=\"og:title\" content=\"Domaines d&#039;expertise - Economou &amp; Economou Law Office\" \/>\n<meta property=\"og:url\" content=\"https:\/\/www.econlaw.gr\/fr\/domaines-dexpertise\/\" \/>\n<meta property=\"og:site_name\" content=\"Economou &amp; Economou Law Office\" \/>\n<meta property=\"article:modified_time\" content=\"2023-10-31T12:36:06+00:00\" \/>\n<meta name=\"twitter:card\" content=\"summary_large_image\" \/>\n<meta name=\"twitter:label1\" content=\"Dur\u00e9e de lecture estim\u00e9e\" \/>\n\t<meta name=\"twitter:data1\" content=\"1 minute\" \/>\n<script type=\"application\/ld+json\" class=\"yoast-schema-graph\">{\"@context\":\"https:\/\/schema.org\",\"@graph\":[{\"@type\":\"WebPage\",\"@id\":\"https:\/\/www.econlaw.gr\/fr\/domaines-dexpertise\/\",\"url\":\"https:\/\/www.econlaw.gr\/fr\/domaines-dexpertise\/\",\"name\":\"Domaines d'expertise - Economou &amp; Economou Law Office\",\"isPartOf\":{\"@id\":\"https:\/\/www.econlaw.gr\/fr\/#website\"},\"datePublished\":\"2023-10-31T12:35:14+00:00\",\"dateModified\":\"2023-10-31T12:36:06+00:00\",\"breadcrumb\":{\"@id\":\"https:\/\/www.econlaw.gr\/fr\/domaines-dexpertise\/#breadcrumb\"},\"inLanguage\":\"fr-FR\",\"potentialAction\":[{\"@type\":\"ReadAction\",\"target\":[\"https:\/\/www.econlaw.gr\/fr\/domaines-dexpertise\/\"]}]},{\"@type\":\"BreadcrumbList\",\"@id\":\"https:\/\/www.econlaw.gr\/fr\/domaines-dexpertise\/#breadcrumb\",\"itemListElement\":[{\"@type\":\"ListItem\",\"position\":1,\"name\":\"Home\",\"item\":\"https:\/\/www.econlaw.gr\/fr\/\"},{\"@type\":\"ListItem\",\"position\":2,\"name\":\"Domaines d&#8217;expertise\"}]},{\"@type\":\"WebSite\",\"@id\":\"https:\/\/www.econlaw.gr\/fr\/#website\",\"url\":\"https:\/\/www.econlaw.gr\/fr\/\",\"name\":\"Economou &amp; Economou Law Office\",\"description\":\"Lawyer and Attorney international legal services\",\"publisher\":{\"@id\":\"https:\/\/www.econlaw.gr\/fr\/#organization\"},\"potentialAction\":[{\"@type\":\"SearchAction\",\"target\":{\"@type\":\"EntryPoint\",\"urlTemplate\":\"https:\/\/www.econlaw.gr\/fr\/?s={search_term_string}\"},\"query-input\":{\"@type\":\"PropertyValueSpecification\",\"valueRequired\":true,\"valueName\":\"search_term_string\"}}],\"inLanguage\":\"fr-FR\"},{\"@type\":\"Organization\",\"@id\":\"https:\/\/www.econlaw.gr\/fr\/#organization\",\"name\":\"Economou &amp; Economou Law Office\",\"url\":\"https:\/\/www.econlaw.gr\/fr\/\",\"logo\":{\"@type\":\"ImageObject\",\"inLanguage\":\"fr-FR\",\"@id\":\"https:\/\/www.econlaw.gr\/fr\/#\/schema\/logo\/image\/\",\"url\":\"https:\/\/www.econlaw.gr\/wp-content\/uploads\/2018\/11\/logo-side-area.png\",\"contentUrl\":\"https:\/\/www.econlaw.gr\/wp-content\/uploads\/2018\/11\/logo-side-area.png\",\"width\":224,\"height\":68,\"caption\":\"Economou &amp; Economou Law Office\"},\"image\":{\"@id\":\"https:\/\/www.econlaw.gr\/fr\/#\/schema\/logo\/image\/\"}}]}<\/script>\n<!-- \/ Yoast SEO plugin. -->","yoast_head_json":{"title":"Domaines d'expertise - Economou &amp; Economou Law Office","robots":{"index":"index","follow":"follow","max-snippet":"max-snippet:-1","max-image-preview":"max-image-preview:large","max-video-preview":"max-video-preview:-1"},"canonical":"https:\/\/www.econlaw.gr\/fr\/domaines-dexpertise\/","og_locale":"fr_FR","og_type":"article","og_title":"Domaines d'expertise - Economou &amp; Economou Law Office","og_url":"https:\/\/www.econlaw.gr\/fr\/domaines-dexpertise\/","og_site_name":"Economou &amp; Economou Law Office","article_modified_time":"2023-10-31T12:36:06+00:00","twitter_card":"summary_large_image","twitter_misc":{"Dur\u00e9e de lecture estim\u00e9e":"1 minute"},"schema":{"@context":"https:\/\/schema.org","@graph":[{"@type":"WebPage","@id":"https:\/\/www.econlaw.gr\/fr\/domaines-dexpertise\/","url":"https:\/\/www.econlaw.gr\/fr\/domaines-dexpertise\/","name":"Domaines d'expertise - Economou &amp; Economou Law Office","isPartOf":{"@id":"https:\/\/www.econlaw.gr\/fr\/#website"},"datePublished":"2023-10-31T12:35:14+00:00","dateModified":"2023-10-31T12:36:06+00:00","breadcrumb":{"@id":"https:\/\/www.econlaw.gr\/fr\/domaines-dexpertise\/#breadcrumb"},"inLanguage":"fr-FR","potentialAction":[{"@type":"ReadAction","target":["https:\/\/www.econlaw.gr\/fr\/domaines-dexpertise\/"]}]},{"@type":"BreadcrumbList","@id":"https:\/\/www.econlaw.gr\/fr\/domaines-dexpertise\/#breadcrumb","itemListElement":[{"@type":"ListItem","position":1,"name":"Home","item":"https:\/\/www.econlaw.gr\/fr\/"},{"@type":"ListItem","position":2,"name":"Domaines d&#8217;expertise"}]},{"@type":"WebSite","@id":"https:\/\/www.econlaw.gr\/fr\/#website","url":"https:\/\/www.econlaw.gr\/fr\/","name":"Economou &amp; Economou Law Office","description":"Lawyer and Attorney international legal services","publisher":{"@id":"https:\/\/www.econlaw.gr\/fr\/#organization"},"potentialAction":[{"@type":"SearchAction","target":{"@type":"EntryPoint","urlTemplate":"https:\/\/www.econlaw.gr\/fr\/?s={search_term_string}"},"query-input":{"@type":"PropertyValueSpecification","valueRequired":true,"valueName":"search_term_string"}}],"inLanguage":"fr-FR"},{"@type":"Organization","@id":"https:\/\/www.econlaw.gr\/fr\/#organization","name":"Economou &amp; Economou Law Office","url":"https:\/\/www.econlaw.gr\/fr\/","logo":{"@type":"ImageObject","inLanguage":"fr-FR","@id":"https:\/\/www.econlaw.gr\/fr\/#\/schema\/logo\/image\/","url":"https:\/\/www.econlaw.gr\/wp-content\/uploads\/2018\/11\/logo-side-area.png","contentUrl":"https:\/\/www.econlaw.gr\/wp-content\/uploads\/2018\/11\/logo-side-area.png","width":224,"height":68,"caption":"Economou &amp; Economou Law Office"},"image":{"@id":"https:\/\/www.econlaw.gr\/fr\/#\/schema\/logo\/image\/"}}]}},"jetpack_sharing_enabled":true,"_links":{"self":[{"href":"https:\/\/www.econlaw.gr\/fr\/wp-json\/wp\/v2\/pages\/5495","targetHints":{"allow":["GET"]}}],"collection":[{"href":"https:\/\/www.econlaw.gr\/fr\/wp-json\/wp\/v2\/pages"}],"about":[{"href":"https:\/\/www.econlaw.gr\/fr\/wp-json\/wp\/v2\/types\/page"}],"author":[{"embeddable":true,"href":"https:\/\/www.econlaw.gr\/fr\/wp-json\/wp\/v2\/users\/1"}],"replies":[{"embeddable":true,"href":"https:\/\/www.econlaw.gr\/fr\/wp-json\/wp\/v2\/comments?post=5495"}],"version-history":[{"count":2,"href":"https:\/\/www.econlaw.gr\/fr\/wp-json\/wp\/v2\/pages\/5495\/revisions"}],"predecessor-version":[{"id":5497,"href":"https:\/\/www.econlaw.gr\/fr\/wp-json\/wp\/v2\/pages\/5495\/revisions\/5497"}],"wp:attachment":[{"href":"https:\/\/www.econlaw.gr\/fr\/wp-json\/wp\/v2\/media?parent=5495"}],"curies":[{"name":"wp","href":"https:\/\/api.w.org\/{rel}","templated":true}]}}