{"id":3211,"date":"2015-11-19T11:25:48","date_gmt":"2015-11-19T11:25:48","guid":{"rendered":"https:\/\/www.econlaw.gr\/associates\/"},"modified":"2020-05-23T13:16:53","modified_gmt":"2020-05-23T11:16:53","slug":"associates","status":"publish","type":"page","link":"https:\/\/www.econlaw.gr\/fr\/associates\/","title":{"rendered":"Partenaires"},"content":{"rendered":"<p>[vc_row content_width=&#8221;grid&#8221; content_aligment=&#8221;center&#8221; triangle_shape=&#8221;no&#8221; css=&#8221;.vc_custom_1448025594098{border-top-width: 3px !important;padding-top: 55px !important;padding-bottom: 50px !important;border-top-color: #c18f59 !important;border-top-style: solid !important;}&#8221;][vc_column]<div class=\"mkd-separator-holder clearfix  mkd-separator-center mkd-separator-with-icon mkd-animate\" style=\"margin-top: 20px; margin-bottom: 23px\">\n\t<div class=\"mkd-separator\" style=\"border-color: #c18f59;border-style: solid;width: 97.5px\"><\/div>\n\t\t<div class=\"mkd-separator-icon\">\n\t\t\t                    <img loading=\"lazy\" decoding=\"async\" width=\"34\" height=\"23\" src=\"https:\/\/www.econlaw.gr\/wp-content\/uploads\/2015\/11\/h1-separator-custom-icon-1.png\" class=\"attachment-full size-full\" alt=\"a\" \/>\t\t\t\t\t\t<\/div>\n\t<div class=\"mkd-separator\" style=\"border-color: #c18f59;border-style: solid;width: 97.5px\"><\/div>\n<\/div>\n[vc_column_text]<\/p>\n<h1><span style=\"color: #c18f59; font-family: Times New Roman, Times, serif;\">E&amp;E<\/span>\u00a0\u00c9quipe d&#8217;avocats<\/h1>\n<p>[\/vc_column_text][vc_empty_space height=&#8221;15px&#8221;][vc_column_text]<\/p>\n<h3>Nous aidons nos clients \u00e0 faire face aux probl\u00e8mes qu\u2019ils rencontrent, mais surtout, nous les aidons \u00e0 \u00e9viter les probl\u00e8mes. Pour nous tous, au cabinet d&#8217;avocats Economou &amp; Economou, les honoraires de ce bureau sont une fonction et une condition pr\u00e9alable \u00e0 la r\u00e9solution efficace des probl\u00e8mes juridiques et au d\u00e9sengagement de la client\u00e8le.<\/h3>\n<p>[\/vc_column_text][\/vc_column][\/vc_row][vc_row content_width=&#8221;grid&#8221; triangle_shape=&#8221;no&#8221;][vc_column width=&#8221;1\/2&#8243; offset=&#8221;vc_col-lg-3 vc_col-md-6&#8243; el_class=&#8221;team-member-column&#8221; el_id=&#8221;team-member-1&#8243;]\n<div class=\"mkd-team more-info-shown\">\n\t<div class=\"mkd-team-inner\">\n\t\t\t\t\t<div class=\"mkd-team-image\">\n                <img loading=\"lazy\" decoding=\"async\" width=\"301\" height=\"301\" src=\"https:\/\/www.econlaw.gr\/wp-content\/uploads\/2018\/11\/empty-avatar.jpg\" class=\"attachment-full size-full\" alt=\"\" srcset=\"https:\/\/www.econlaw.gr\/wp-content\/uploads\/2018\/11\/empty-avatar.jpg 301w, https:\/\/www.econlaw.gr\/wp-content\/uploads\/2018\/11\/empty-avatar-150x150.jpg 150w, https:\/\/www.econlaw.gr\/wp-content\/uploads\/2018\/11\/empty-avatar-300x300.jpg 300w\" sizes=\"auto, (max-width: 301px) 100vw, 301px\" \/>\t\t\t<\/div>\n\t\t\n\t\t\t\t<div class=\"mkd-team-info\">\n\t\t\t\t\t\t\t<div class=\"mkd-team-title-holder\">\n\t\t\t\t\t\t\t\t\t\t\t<h4 class=\"mkd-team-name\" style=\"color: #ffffff\">\n\t\t\t\t\t\t\tMiltiadis Economou\t\t\t\t\t\t<\/h4>\n\t\t\t\t\t\t\t\t\t\t\t\t\t\t\t\t<h5 class=\"mkd-team-position\" style=\"color: #ffffff\">Avocat en chef<\/h5>\n\t\t\t\t\t\t\t\t\t<\/div>\n\t\t\t\t\t\t\t\t<div class=\"mkd-team-read-more\">\n\t\t\t\t\t\t\t<\/div>\n\t\t<\/div>\n\t<\/div>\n\t\t\t<div class='mkd-team-text'>\n\t\t\t<div class='mkd-team-text-inner'>\n\t\t\t\t\t\t\t\t\t<div class=\"mkd-team-description-title\">\n\t\t\t\t\t\t<h4>Biographie<\/h4>\n\t\t\t\t\t<\/div>\n\t\t\t\t\t\t\t\t<div class='mkd-team-description' >\n\t\t\t\t\t<p>Born in Athens, graduated from the law school of Athens University, member of the Athens Bar Association, with Master&#039;s degree in Germany on Intellectual Property law. Experienced in Internet law, Intellectual Property law, Patent law, Design law, Trademark law, OHIM Trade Mark Registrations and protection litigation by oppositions law Practice in the EU, enable him to present as a highly qualified Lawyer specialist in IP law, securing to the Law Office Economou &amp; Economou a continuous Law support, to the years to come, to small individuals, till Multinational Companies and Law Entities.<\/p>\n\t\t\t\t<\/div>\n\t\t\t<\/div>\n\t\t<\/div>\n\t\t<div class=\"mkd-team-social-holder\">\n\t\t<div class=\"mkd-team-social\">\n\t\t\t<div class=\"mkd-team-social-inner\">\n\t\t\t\t<div class=\"mkd-team-social-wrapp clearfix\">\n\n\t\t\t\t\t\n    <span class=\"mkd-icon-shortcode square mkd-icon-small mkd-icon-linked\"  >\n                    <a href=\"https:\/\/www.facebook.com\/\u0394\u03b9\u03ba\u03b7\u03b3\u03bf\u03c1\u03b9\u03ba\u03cc-\u0393\u03c1\u03b1\u03c6\u03b5\u03af\u03bf-\u039c\u03b9\u03bb\u03c4\u03b9\u03ac\u03b4\u03b7-\u039f\u03b9\u03ba\u03bf\u03bd\u03cc\u03bc\u03bf\u03c5-\u03a3\u03c5\u03bd\u03b5\u03c1\u03b3\u03b1\u03c4\u03ce\u03bd-369206986847126\/\" target=\"_blank\">\n        \n        <span aria-hidden=\"true\" class=\"mkd-icon-font-elegant social_facebook mkd-icon-element\" style=\"\" ><\/span>\n                    <\/a>\n                <span  class=\"mkd-background\"><\/span>\n    <\/span>\n\n\n    <span class=\"mkd-icon-shortcode square mkd-icon-small mkd-icon-linked\"  >\n                    <a href=\"https:\/\/www.linkedin.com\/in\/miltiadis-economou-08ab0448\/\" target=\"_blank\">\n        \n        <span aria-hidden=\"true\" class=\"mkd-icon-font-elegant social_linkedin mkd-icon-element\" style=\"\" ><\/span>\n                    <\/a>\n                <span  class=\"mkd-background\"><\/span>\n    <\/span>\n\n\n\t\t\t\t<\/div>\n\t\t\t<\/div>\n\t\t<\/div>\n\t<\/div>\n\t<span class=\"mkd-team-triangle\"><\/span>\n<\/div>[vc_empty_space height=&#8221;20px&#8221;][vc_column_text css_animation=&#8221;none&#8221;]Speaks: Greek, English, French, German, Italian and Mandarin Chinese.[\/vc_column_text][vc_empty_space height=&#8221;50px&#8221;][\/vc_column][vc_column width=&#8221;1\/2&#8243; offset=&#8221;vc_col-lg-3 vc_col-md-6&#8243; el_class=&#8221;team-member-column&#8221; el_id=&#8221;team-member-2&#8243;]\n<div class=\"mkd-team more-info-shown\">\n\t<div class=\"mkd-team-inner\">\n\t\t\t\t\t<div class=\"mkd-team-image\">\n                <img loading=\"lazy\" decoding=\"async\" width=\"301\" height=\"301\" src=\"https:\/\/www.econlaw.gr\/wp-content\/uploads\/2018\/11\/empty-avatar.jpg\" class=\"attachment-full size-full\" alt=\"\" srcset=\"https:\/\/www.econlaw.gr\/wp-content\/uploads\/2018\/11\/empty-avatar.jpg 301w, https:\/\/www.econlaw.gr\/wp-content\/uploads\/2018\/11\/empty-avatar-150x150.jpg 150w, https:\/\/www.econlaw.gr\/wp-content\/uploads\/2018\/11\/empty-avatar-300x300.jpg 300w\" sizes=\"auto, (max-width: 301px) 100vw, 301px\" \/>\t\t\t<\/div>\n\t\t\n\t\t\t\t<div class=\"mkd-team-info\">\n\t\t\t\t\t\t\t<div class=\"mkd-team-title-holder\">\n\t\t\t\t\t\t\t\t\t\t\t<h4 class=\"mkd-team-name\" style=\"color: #ffffff\">\n\t\t\t\t\t\t\tIoanna Economou\t\t\t\t\t\t<\/h4>\n\t\t\t\t\t\t\t\t\t\t\t\t\t\t\t\t<h5 class=\"mkd-team-position\" style=\"color: #ffffff\">Avocat associ\u00e9<\/h5>\n\t\t\t\t\t\t\t\t\t<\/div>\n\t\t\t\t\t\t\t\t<div class=\"mkd-team-read-more\">\n\t\t\t\t\t\t\t<\/div>\n\t\t<\/div>\n\t<\/div>\n\t\t\t<div class='mkd-team-text'>\n\t\t\t<div class='mkd-team-text-inner'>\n\t\t\t\t\t\t\t\t\t<div class=\"mkd-team-description-title\">\n\t\t\t\t\t\t<h4>Biographie<\/h4>\n\t\t\t\t\t<\/div>\n\t\t\t\t\t\t\t\t<div class='mkd-team-description' >\n\t\t\t\t\t<p>Born in Athens, legal studies in Fribourg-Switzerland, german and french speaking faculty of law graduate, member of the Athens Bar Association, with Master&#039;s studies in multimedia law (IT Law) in Law faculty of Robert Schummann University in Strassbourg-France. Parallel law practice ``onsite`` in Strassbourg France. Professional articles published in french press.<\/p>\n\t\t\t\t<\/div>\n\t\t\t<\/div>\n\t\t<\/div>\n\t\t<div class=\"mkd-team-social-holder\">\n\t\t<div class=\"mkd-team-social\">\n\t\t\t<div class=\"mkd-team-social-inner\">\n\t\t\t\t<div class=\"mkd-team-social-wrapp clearfix\">\n\n\t\t\t\t\t\n    <span class=\"mkd-icon-shortcode square mkd-icon-small mkd-icon-linked\"  >\n                    <a href=\"https:\/\/www.facebook.com\/\u0394\u03b9\u03ba\u03b7\u03b3\u03bf\u03c1\u03b9\u03ba\u03cc-\u0393\u03c1\u03b1\u03c6\u03b5\u03af\u03bf-\u039c\u03b9\u03bb\u03c4\u03b9\u03ac\u03b4\u03b7-\u039f\u03b9\u03ba\u03bf\u03bd\u03cc\u03bc\u03bf\u03c5-\u03a3\u03c5\u03bd\u03b5\u03c1\u03b3\u03b1\u03c4\u03ce\u03bd-369206986847126\/\" target=\"_blank\">\n        \n        <span aria-hidden=\"true\" class=\"mkd-icon-font-elegant social_facebook mkd-icon-element\" style=\"\" ><\/span>\n                    <\/a>\n                <span  class=\"mkd-background\"><\/span>\n    <\/span>\n\n\n\t\t\t\t<\/div>\n\t\t\t<\/div>\n\t\t<\/div>\n\t<\/div>\n\t<span class=\"mkd-team-triangle\"><\/span>\n<\/div>[vc_empty_space height=&#8221;20px&#8221;][vc_column_text css_animation=&#8221;none&#8221;]Speaks: Greek, English, French, German, Italian and Spanish.[\/vc_column_text][vc_empty_space height=&#8221;50px&#8221; el_id=&#8221;team-member-2-bottom-space&#8221;][\/vc_column][vc_column width=&#8221;1\/2&#8243; offset=&#8221;vc_col-lg-3 vc_col-md-6&#8243; el_class=&#8221;team-member-column&#8221; el_id=&#8221;team-member-3&#8243;]\n<div class=\"mkd-team more-info-shown\">\n\t<div class=\"mkd-team-inner\">\n\t\t\t\t\t<div class=\"mkd-team-image\">\n                <img loading=\"lazy\" decoding=\"async\" width=\"301\" height=\"301\" src=\"https:\/\/www.econlaw.gr\/wp-content\/uploads\/2018\/11\/empty-avatar.jpg\" class=\"attachment-full size-full\" alt=\"\" srcset=\"https:\/\/www.econlaw.gr\/wp-content\/uploads\/2018\/11\/empty-avatar.jpg 301w, https:\/\/www.econlaw.gr\/wp-content\/uploads\/2018\/11\/empty-avatar-150x150.jpg 150w, https:\/\/www.econlaw.gr\/wp-content\/uploads\/2018\/11\/empty-avatar-300x300.jpg 300w\" sizes=\"auto, (max-width: 301px) 100vw, 301px\" \/>\t\t\t<\/div>\n\t\t\n\t\t\t\t<div class=\"mkd-team-info\">\n\t\t\t\t\t\t\t<div class=\"mkd-team-title-holder\">\n\t\t\t\t\t\t\t\t\t\t\t<h4 class=\"mkd-team-name\" style=\"color: #ffffff\">\n\t\t\t\t\t\t\tKyriaki Economou\t\t\t\t\t\t<\/h4>\n\t\t\t\t\t\t\t\t\t\t\t\t\t\t\t\t<h5 class=\"mkd-team-position\" style=\"color: #ffffff\">Avocat associ\u00e9<\/h5>\n\t\t\t\t\t\t\t\t\t<\/div>\n\t\t\t\t\t\t\t\t<div class=\"mkd-team-read-more\">\n\t\t\t\t\t\t\t<\/div>\n\t\t<\/div>\n\t<\/div>\n\t\t\t<div class='mkd-team-text'>\n\t\t\t<div class='mkd-team-text-inner'>\n\t\t\t\t\t\t\t\t\t<div class=\"mkd-team-description-title\">\n\t\t\t\t\t\t<h4>Biographie<\/h4>\n\t\t\t\t\t<\/div>\n\t\t\t\t\t\t\t\t<div class='mkd-team-description' >\n\t\t\t\t\t<p>Born in Athens, graduated from the law school of Athens University, member of the Athens Bar Association, with Master&#039;s degree in civil law. Specialised in: insurance, traffic accidents, professional taxi drivers union legal assistance. Family law, Inheritance law, real estate administration, company law, mutual investments, acquisitions, mergers incentives law of investment in Greece.<\/p>\n\t\t\t\t<\/div>\n\t\t\t<\/div>\n\t\t<\/div>\n\t\t<div class=\"mkd-team-social-holder\">\n\t\t<div class=\"mkd-team-social\">\n\t\t\t<div class=\"mkd-team-social-inner\">\n\t\t\t\t<div class=\"mkd-team-social-wrapp clearfix\">\n\n\t\t\t\t\t\n    <span class=\"mkd-icon-shortcode square mkd-icon-small mkd-icon-linked\"  >\n                    <a href=\"https:\/\/www.facebook.com\/\u0394\u03b9\u03ba\u03b7\u03b3\u03bf\u03c1\u03b9\u03ba\u03cc-\u0393\u03c1\u03b1\u03c6\u03b5\u03af\u03bf-\u039c\u03b9\u03bb\u03c4\u03b9\u03ac\u03b4\u03b7-\u039f\u03b9\u03ba\u03bf\u03bd\u03cc\u03bc\u03bf\u03c5-\u03a3\u03c5\u03bd\u03b5\u03c1\u03b3\u03b1\u03c4\u03ce\u03bd-369206986847126\/\" target=\"_blank\">\n        \n        <span aria-hidden=\"true\" class=\"mkd-icon-font-elegant social_facebook mkd-icon-element\" style=\"\" ><\/span>\n                    <\/a>\n                <span  class=\"mkd-background\"><\/span>\n    <\/span>\n\n\n\t\t\t\t<\/div>\n\t\t\t<\/div>\n\t\t<\/div>\n\t<\/div>\n\t<span class=\"mkd-team-triangle\"><\/span>\n<\/div>[vc_empty_space height=&#8221;20px&#8221;][vc_column_text css_animation=&#8221;none&#8221;]Speaks: Greek, English and French.[\/vc_column_text][vc_empty_space height=&#8221;50px&#8221;][\/vc_column][vc_column width=&#8221;1\/2&#8243; offset=&#8221;vc_col-lg-3 vc_col-md-6&#8243; el_class=&#8221;team-member-column&#8221; el_id=&#8221;team-member-4&#8243;]\n<div class=\"mkd-team linked more-info-shown\">\n\t<div class=\"mkd-team-inner\">\n\t\t\t\t\t<div class=\"mkd-team-image\">\n                <img loading=\"lazy\" decoding=\"async\" width=\"301\" height=\"301\" src=\"https:\/\/www.econlaw.gr\/wp-content\/uploads\/2018\/11\/empty-avatar.jpg\" class=\"attachment-full size-full\" alt=\"\" srcset=\"https:\/\/www.econlaw.gr\/wp-content\/uploads\/2018\/11\/empty-avatar.jpg 301w, https:\/\/www.econlaw.gr\/wp-content\/uploads\/2018\/11\/empty-avatar-150x150.jpg 150w, https:\/\/www.econlaw.gr\/wp-content\/uploads\/2018\/11\/empty-avatar-300x300.jpg 300w\" sizes=\"auto, (max-width: 301px) 100vw, 301px\" \/>\t\t\t<\/div>\n\t\t\n\t\t\t\t<div class=\"mkd-team-info\">\n\t\t\t\t\t\t\t<div class=\"mkd-team-title-holder\">\n\t\t\t\t\t\t\t\t\t\t\t<h4 class=\"mkd-team-name\" style=\"color: #ffffff\">\n\t\t\t\t\t\t\tPanagiotis Economou\t\t\t\t\t\t<\/h4>\n\t\t\t\t\t\t\t\t\t\t\t\t\t\t\t\t<h5 class=\"mkd-team-position\" style=\"color: #ffffff\">Fondateur &amp; Consultant<\/h5>\n\t\t\t\t\t\t\t\t\t<\/div>\n\t\t\t\t\t\t\t\t<div class=\"mkd-team-read-more\">\n\t\t\t\t\t\t\t\t<a href=\"https:\/\/www.econlaw.gr\/about\/?lang=fr\">\n\t\t\t\t\t<span class=\"mkd-team-read-more-inner\">\n\t\t\t\t\t\t<span class=\"mkd-team-read-more-text\">Fondation Office<\/span>\n\t\t\t\t\t\t<span aria-hidden=\"true\" class=\"arrow_carrot-right_alt2 mkd-team-read-more-icon\"><\/span>\n\t\t\t\t\t<\/span>\n\t\t\t\t<\/a>\n\t\t\t\t\t\t\t<\/div>\n\t\t<\/div>\n\t<\/div>\n\t\t\t<div class='mkd-team-text'>\n\t\t\t<div class='mkd-team-text-inner'>\n\t\t\t\t\t\t\t\t\t<div class=\"mkd-team-description-title\">\n\t\t\t\t\t\t<h4>Biographie<\/h4>\n\t\t\t\t\t<\/div>\n\t\t\t\t\t\t\t\t<div class='mkd-team-description' >\n\t\t\t\t\t<p>Panagiotis Economou Esq. and founder of our law office, is a Supreme Court lawyer of Greece Arios Pagos, being both a barrister and solicitor in the sense of differentiation made by English law tradition and practice. Has a long law practice in Greece and the EU, including Turkey, with his fluent Turkish and constitutes the main source of Law Info and precedent litigation support, to younger members of the Law Office.<\/p>\n\t\t\t\t<\/div>\n\t\t\t<\/div>\n\t\t<\/div>\n\t\t<div class=\"mkd-team-social-holder\">\n\t\t<div class=\"mkd-team-social\">\n\t\t\t<div class=\"mkd-team-social-inner\">\n\t\t\t\t<div class=\"mkd-team-social-wrapp clearfix\">\n\n\t\t\t\t\t\n    <span class=\"mkd-icon-shortcode square mkd-icon-small mkd-icon-linked\"  >\n                    <a href=\"https:\/\/www.facebook.com\/\u0394\u03b9\u03ba\u03b7\u03b3\u03bf\u03c1\u03b9\u03ba\u03cc-\u0393\u03c1\u03b1\u03c6\u03b5\u03af\u03bf-\u039c\u03b9\u03bb\u03c4\u03b9\u03ac\u03b4\u03b7-\u039f\u03b9\u03ba\u03bf\u03bd\u03cc\u03bc\u03bf\u03c5-\u03a3\u03c5\u03bd\u03b5\u03c1\u03b3\u03b1\u03c4\u03ce\u03bd-369206986847126\/\" target=\"_blank\">\n        \n        <span aria-hidden=\"true\" class=\"mkd-icon-font-elegant social_facebook mkd-icon-element\" style=\"\" ><\/span>\n                    <\/a>\n                <span  class=\"mkd-background\"><\/span>\n    <\/span>\n\n\n\t\t\t\t<\/div>\n\t\t\t<\/div>\n\t\t<\/div>\n\t<\/div>\n\t<span class=\"mkd-team-triangle\"><\/span>\n<\/div>[vc_empty_space height=&#8221;20px&#8221;][vc_column_text css_animation=&#8221;none&#8221;]Speaks: Greek, English, French,\u00a0German and Turkish.[\/vc_column_text][vc_empty_space height=&#8221;50px&#8221;][\/vc_column][\/vc_row][vc_row content_width=&#8221;grid&#8221; triangle_shape=&#8221;no&#8221; css=&#8221;.vc_custom_1540763874477{margin-bottom: 20px !important;}&#8221;][vc_column][vc_column_text]The aforementioned Economou names give a family character to Economou&#8217;s office, creating an intimate environment that has been appreciated and continues to be appreciated by the clientele of the office both in Greece and abroad. For this appreciation and trust of our clientele we express our thanks and renew our commitment that we will continue to offer our legal support and assistance being the legal shield to cover them.[\/vc_column_text][vc_empty_space height=&#8221;50px&#8221;][\/vc_column][\/vc_row]<\/p>\n","protected":false},"excerpt":{"rendered":"<p>Nous aidons nos clients \u00e0 faire face aux probl\u00e8mes qu\u2019ils rencontrent, mais surtout, nous les aidons \u00e0 \u00e9viter les probl\u00e8mes. Pour nous tous, au cabinet d&#8217;avocats Economou &#038; Economou, les honoraires de ce bureau sont une fonction et une condition pr\u00e9alable \u00e0 la r\u00e9solution efficace des probl\u00e8mes juridiques et au d\u00e9sengagement de la client\u00e8le.<\/p>\n","protected":false},"author":1,"featured_media":0,"parent":0,"menu_order":0,"comment_status":"closed","ping_status":"closed","template":"full-width.php","meta":{"_lmt_disableupdate":"","_lmt_disable":"","ngg_post_thumbnail":0,"footnotes":""},"class_list":["post-3211","page","type-page","status-publish","hentry"],"yoast_head":"<!-- This site is optimized with the Yoast SEO plugin v25.2 - https:\/\/yoast.com\/wordpress\/plugins\/seo\/ -->\n<title>Partenaires - Economou &amp; Economou Law Office<\/title>\n<meta name=\"robots\" content=\"index, follow, max-snippet:-1, max-image-preview:large, max-video-preview:-1\" \/>\n<link rel=\"canonical\" href=\"https:\/\/www.econlaw.gr\/fr\/associates\/\" \/>\n<meta property=\"og:locale\" content=\"fr_FR\" \/>\n<meta property=\"og:type\" content=\"article\" \/>\n<meta property=\"og:title\" content=\"Partenaires - Economou &amp; Economou Law Office\" \/>\n<meta property=\"og:description\" content=\"Nous aidons nos clients \u00e0 faire face aux probl\u00e8mes qu\u2019ils rencontrent, mais surtout, nous les aidons \u00e0 \u00e9viter les probl\u00e8mes. Pour nous tous, au cabinet d&#039;avocats Economou &amp; Economou, les honoraires de ce bureau sont une fonction et une condition pr\u00e9alable \u00e0 la r\u00e9solution efficace des probl\u00e8mes juridiques et au d\u00e9sengagement de la client\u00e8le.\" \/>\n<meta property=\"og:url\" content=\"https:\/\/www.econlaw.gr\/fr\/associates\/\" \/>\n<meta property=\"og:site_name\" content=\"Economou &amp; Economou Law Office\" \/>\n<meta property=\"article:modified_time\" content=\"2020-05-23T11:16:53+00:00\" \/>\n<meta name=\"twitter:card\" content=\"summary_large_image\" \/>\n<meta name=\"twitter:label1\" content=\"Dur\u00e9e de lecture estim\u00e9e\" \/>\n\t<meta name=\"twitter:data1\" content=\"5 minutes\" \/>\n<script type=\"application\/ld+json\" class=\"yoast-schema-graph\">{\"@context\":\"https:\/\/schema.org\",\"@graph\":[{\"@type\":\"WebPage\",\"@id\":\"https:\/\/www.econlaw.gr\/fr\/associates\/\",\"url\":\"https:\/\/www.econlaw.gr\/fr\/associates\/\",\"name\":\"Partenaires - Economou &amp; Economou Law Office\",\"isPartOf\":{\"@id\":\"https:\/\/www.econlaw.gr\/fr\/#website\"},\"datePublished\":\"2015-11-19T11:25:48+00:00\",\"dateModified\":\"2020-05-23T11:16:53+00:00\",\"breadcrumb\":{\"@id\":\"https:\/\/www.econlaw.gr\/fr\/associates\/#breadcrumb\"},\"inLanguage\":\"fr-FR\",\"potentialAction\":[{\"@type\":\"ReadAction\",\"target\":[\"https:\/\/www.econlaw.gr\/fr\/associates\/\"]}]},{\"@type\":\"BreadcrumbList\",\"@id\":\"https:\/\/www.econlaw.gr\/fr\/associates\/#breadcrumb\",\"itemListElement\":[{\"@type\":\"ListItem\",\"position\":1,\"name\":\"Home\",\"item\":\"https:\/\/www.econlaw.gr\/fr\/\"},{\"@type\":\"ListItem\",\"position\":2,\"name\":\"Partenaires\"}]},{\"@type\":\"WebSite\",\"@id\":\"https:\/\/www.econlaw.gr\/fr\/#website\",\"url\":\"https:\/\/www.econlaw.gr\/fr\/\",\"name\":\"Economou &amp; Economou Law Office\",\"description\":\"Lawyer and Attorney international legal services\",\"publisher\":{\"@id\":\"https:\/\/www.econlaw.gr\/fr\/#organization\"},\"potentialAction\":[{\"@type\":\"SearchAction\",\"target\":{\"@type\":\"EntryPoint\",\"urlTemplate\":\"https:\/\/www.econlaw.gr\/fr\/?s={search_term_string}\"},\"query-input\":{\"@type\":\"PropertyValueSpecification\",\"valueRequired\":true,\"valueName\":\"search_term_string\"}}],\"inLanguage\":\"fr-FR\"},{\"@type\":\"Organization\",\"@id\":\"https:\/\/www.econlaw.gr\/fr\/#organization\",\"name\":\"Economou &amp; Economou Law Office\",\"url\":\"https:\/\/www.econlaw.gr\/fr\/\",\"logo\":{\"@type\":\"ImageObject\",\"inLanguage\":\"fr-FR\",\"@id\":\"https:\/\/www.econlaw.gr\/fr\/#\/schema\/logo\/image\/\",\"url\":\"https:\/\/www.econlaw.gr\/wp-content\/uploads\/2018\/11\/logo-side-area.png\",\"contentUrl\":\"https:\/\/www.econlaw.gr\/wp-content\/uploads\/2018\/11\/logo-side-area.png\",\"width\":224,\"height\":68,\"caption\":\"Economou &amp; Economou Law Office\"},\"image\":{\"@id\":\"https:\/\/www.econlaw.gr\/fr\/#\/schema\/logo\/image\/\"}}]}<\/script>\n<!-- \/ Yoast SEO plugin. -->","yoast_head_json":{"title":"Partenaires - Economou &amp; Economou Law Office","robots":{"index":"index","follow":"follow","max-snippet":"max-snippet:-1","max-image-preview":"max-image-preview:large","max-video-preview":"max-video-preview:-1"},"canonical":"https:\/\/www.econlaw.gr\/fr\/associates\/","og_locale":"fr_FR","og_type":"article","og_title":"Partenaires - Economou &amp; Economou Law Office","og_description":"Nous aidons nos clients \u00e0 faire face aux probl\u00e8mes qu\u2019ils rencontrent, mais surtout, nous les aidons \u00e0 \u00e9viter les probl\u00e8mes. Pour nous tous, au cabinet d'avocats Economou & Economou, les honoraires de ce bureau sont une fonction et une condition pr\u00e9alable \u00e0 la r\u00e9solution efficace des probl\u00e8mes juridiques et au d\u00e9sengagement de la client\u00e8le.","og_url":"https:\/\/www.econlaw.gr\/fr\/associates\/","og_site_name":"Economou &amp; Economou Law Office","article_modified_time":"2020-05-23T11:16:53+00:00","twitter_card":"summary_large_image","twitter_misc":{"Dur\u00e9e de lecture estim\u00e9e":"5 minutes"},"schema":{"@context":"https:\/\/schema.org","@graph":[{"@type":"WebPage","@id":"https:\/\/www.econlaw.gr\/fr\/associates\/","url":"https:\/\/www.econlaw.gr\/fr\/associates\/","name":"Partenaires - Economou &amp; Economou Law Office","isPartOf":{"@id":"https:\/\/www.econlaw.gr\/fr\/#website"},"datePublished":"2015-11-19T11:25:48+00:00","dateModified":"2020-05-23T11:16:53+00:00","breadcrumb":{"@id":"https:\/\/www.econlaw.gr\/fr\/associates\/#breadcrumb"},"inLanguage":"fr-FR","potentialAction":[{"@type":"ReadAction","target":["https:\/\/www.econlaw.gr\/fr\/associates\/"]}]},{"@type":"BreadcrumbList","@id":"https:\/\/www.econlaw.gr\/fr\/associates\/#breadcrumb","itemListElement":[{"@type":"ListItem","position":1,"name":"Home","item":"https:\/\/www.econlaw.gr\/fr\/"},{"@type":"ListItem","position":2,"name":"Partenaires"}]},{"@type":"WebSite","@id":"https:\/\/www.econlaw.gr\/fr\/#website","url":"https:\/\/www.econlaw.gr\/fr\/","name":"Economou &amp; Economou Law Office","description":"Lawyer and Attorney international legal services","publisher":{"@id":"https:\/\/www.econlaw.gr\/fr\/#organization"},"potentialAction":[{"@type":"SearchAction","target":{"@type":"EntryPoint","urlTemplate":"https:\/\/www.econlaw.gr\/fr\/?s={search_term_string}"},"query-input":{"@type":"PropertyValueSpecification","valueRequired":true,"valueName":"search_term_string"}}],"inLanguage":"fr-FR"},{"@type":"Organization","@id":"https:\/\/www.econlaw.gr\/fr\/#organization","name":"Economou &amp; Economou Law Office","url":"https:\/\/www.econlaw.gr\/fr\/","logo":{"@type":"ImageObject","inLanguage":"fr-FR","@id":"https:\/\/www.econlaw.gr\/fr\/#\/schema\/logo\/image\/","url":"https:\/\/www.econlaw.gr\/wp-content\/uploads\/2018\/11\/logo-side-area.png","contentUrl":"https:\/\/www.econlaw.gr\/wp-content\/uploads\/2018\/11\/logo-side-area.png","width":224,"height":68,"caption":"Economou &amp; Economou Law Office"},"image":{"@id":"https:\/\/www.econlaw.gr\/fr\/#\/schema\/logo\/image\/"}}]}},"jetpack_sharing_enabled":true,"_links":{"self":[{"href":"https:\/\/www.econlaw.gr\/fr\/wp-json\/wp\/v2\/pages\/3211","targetHints":{"allow":["GET"]}}],"collection":[{"href":"https:\/\/www.econlaw.gr\/fr\/wp-json\/wp\/v2\/pages"}],"about":[{"href":"https:\/\/www.econlaw.gr\/fr\/wp-json\/wp\/v2\/types\/page"}],"author":[{"embeddable":true,"href":"https:\/\/www.econlaw.gr\/fr\/wp-json\/wp\/v2\/users\/1"}],"replies":[{"embeddable":true,"href":"https:\/\/www.econlaw.gr\/fr\/wp-json\/wp\/v2\/comments?post=3211"}],"version-history":[{"count":8,"href":"https:\/\/www.econlaw.gr\/fr\/wp-json\/wp\/v2\/pages\/3211\/revisions"}],"predecessor-version":[{"id":4096,"href":"https:\/\/www.econlaw.gr\/fr\/wp-json\/wp\/v2\/pages\/3211\/revisions\/4096"}],"wp:attachment":[{"href":"https:\/\/www.econlaw.gr\/fr\/wp-json\/wp\/v2\/media?parent=3211"}],"curies":[{"name":"wp","href":"https:\/\/api.w.org\/{rel}","templated":true}]}}