{"id":3643,"date":"2018-11-05T20:53:06","date_gmt":"2018-11-05T18:53:06","guid":{"rendered":"https:\/\/www.econlaw.gr\/web-notice\/"},"modified":"2024-12-26T13:33:01","modified_gmt":"2024-12-26T11:33:01","slug":"unsere-geschichte","status":"publish","type":"page","link":"https:\/\/www.econlaw.gr\/de\/unsere-geschichte\/","title":{"rendered":"Unsere Geschichte"},"content":{"rendered":"<p>[vc_row triangle_shape=&#8221;no&#8221; css=&#8221;.vc_custom_1540849129111{margin-bottom: 50px !important;background-color: #f5f5f5 !important;border-radius: 4px !important;}&#8221;][vc_column][vc_single_image image=&#8221;3649&#8243; img_size=&#8221;full&#8221;][vc_empty_space][vc_column_text]<\/p>\n<p class=\"generic-paragraph\">Panagiotis Economou,<\/p>\n<p class=\"generic-paragraph\">Gr\u00fcnder der Anwaltskanzlei Economou &amp; Economou in Athen, hat in Athen Jura studiert und weiter in Bereich von \u201eAntitrust law\u201c in die USA (ein Aufbaustudium abgeschlossen).<\/p>\n<p class=\"generic-paragraph indent\">Spricht flie\u00dfend: Griechisch, Deutsch, Englisch, Franz\u00f6sisch, Italienisch, T\u00fcrkisch<\/p>\n<p>Ein paar Worte \u00fcber den Gr\u00fcnder der Kanzlei, denn was z\u00e4hlt, ist nicht, wo und wann ein Mensch geboren wurde, sondern was f\u00fcr ein Mensch er ist. Und wenn er ein Anwalt ist, z\u00e4hlt, welche Art von juristischen Dienstleistungen er erbracht hat, welche Probleme seiner Mandanten er gel\u00f6st hat und wie er sie gel\u00f6st hat. Letzteres sollte jedoch nicht vom Anwalt selbst gesagt werden, sondern von den Mandanten, die ihm ihre F\u00e4lle anvertraut haben.<\/p>\n<p>Es ist kein Zufall, dass die juristische Tradition der Anwaltskanzlei Oikonomou &amp; Oikonomou zu Beginn des letzten Jahrhunderts in den USA beginnt und sich in Athen fortsetzt, wo 1975 das B\u00fcro in den eigenen R\u00e4umlichkeiten in Kolonaki, Didotou &amp; Asklipiou 26, gegr\u00fcndet wurde. Dort wird der Gr\u00fcnder von seinem Sohn und seiner Tochter unterst\u00fctzt, beide Anw\u00e4lte mit langj\u00e4hriger Erfahrung in einem breiten Spektrum des Handels- und Zivilrechts.<\/p>\n<p>In denselben R\u00e4umlichkeiten bietet diese Kanzlei auch heute noch ihre Dienstleistungen an und hofft, die Familientradition in den kommenden Jahren fortzusetzen.<\/p>\n<p>Der Gr\u00fcnder Panagiotis Oikonomou, Sohn von Ioannis, studierte Rechtswissenschaften in Athen, wo er seinen Abschluss mit Auszeichnung machte, und absolvierte weiterf\u00fchrende Studien in den USA und Deutschland. Infolgedessen spricht er flie\u00dfend Englisch, Deutsch, Franz\u00f6sisch und T\u00fcrkisch.<\/p>\n<p>Die Herkunft des Gr\u00fcnders, seine kosmopolitische Umgebung mit einem Schwerpunkt auf dem griechischen Element und die griechische Bildung sowie sein mehrj\u00e4hriger Aufenthalt im Ausland erm\u00f6glichten es ihm, Anwaltskanzleien mit Partnern in den USA und der EU zu gr\u00fcnden, vor allem in Deutschland und Br\u00fcssel.<\/p>\n<p>Zu den Mandanten von Panagiotis Oikonomou, Rechtsanwalt am Areopag in Athen, geh\u00f6rten multinationale Unternehmen wie IBM World Trade Corporation, American Express, Scotiabank, Chevron International Corporation, Royal Bank of Canada, Cornhill Publications, Sterling Publications, Higg &amp; Hills, Deutsche Bank, Deutsche Ruder Verband, Destination of the World Dubai, Reedereien aus Pir\u00e4us und London, internationale Fluggesellschaften, griechische Banken sowie ausl\u00e4ndische Investmentbanken, B\u00f6rsenmakler, Reiseb\u00fcros, Verlage und internationale Transportunternehmen. Diese Beispiele belegen das hohe Niveau der juristischen Dienstleistungen, die die Kanzlei Oikonomou &amp; Oikonomou in Griechenland, den USA und Europa erbracht hat und weiterhin erbringt.<\/p>\n<p>Neben den gro\u00dfen internationalen Unternehmen, die unserer Kanzlei ihre juristische Vertretung anvertrauen, gibt es auch zahlreiche Privatpersonen, Menschen des t\u00e4glichen Lebens, Griechen aus dem Ausland und der Diaspora sowie Ausl\u00e4nder, die in Griechenland leben, wie z.B. digitale Nomaden und Expats. Beispiele f\u00fcr erfolgreich abgeschlossene F\u00e4lle umfassen unter anderem: Verkehrsstreitigkeiten und Unf\u00e4lle, Entsch\u00e4digungen f\u00fcr seelischen Schmerz, immaterielle Sch\u00e4den, k\u00f6rperliche Sch\u00e4den, Familienstreitigkeiten, Scheidungen, Sorgerecht f\u00fcr Kinder, Unterhalt, Teilhabe am erworbenen Verm\u00f6gen, Adoptionen, Anfechtungen und Anerkennungen der Vaterschaft, F\u00e4lle der Leihmutterschaft, Erbschaftsangelegenheiten, Annahme oder Ausschlagung von Erbschaften, Testamente, Grundst\u00fccksstreitigkeiten, Katasterangelegenheiten, Forderungseintreibung, Steuerangelegenheiten, Klagen vor den Finanzgerichten, Arbeitsrechtsstreitigkeiten, die Registrierung von Patenten und Marken in der EU und in Griechenland, Schuldenregulierungen und -streichungen f\u00fcr \u00fcberschuldete Privatpersonen sowie Unternehmenssanierungen, die Einbindung in au\u00dfergerichtliche Mechanismen, Immobilienvermittlung und die Abwicklung von Kaufvertr\u00e4gen f\u00fcr Gewerbefl\u00e4chen, Wohnungen und Ferienh\u00e4user auf Mykonos, Santorin, Paros, Antiparos, Chios, Lesbos, Rhodos und Kreta. Diese Beispiele zeigen, dass die Anwaltskanzlei Oikonomou &amp; Oikonomou nicht nur juristische und strafrechtliche Probleme erfolgreich gel\u00f6st, sondern auch durch die richtige juristische Beratung neue Probleme vermieden hat.<\/p>\n<p>Die anhaltende internationale Pr\u00e4senz dieser Anwaltskanzlei ist ausschlie\u00dflich der Wahl der oben genannten Mandanten zu verdanken, die uns weiterhin ihr Vertrauen schenken.<\/p>\n<p>Zum Abschluss l\u00e4sst sich sagen, dass sowohl der Gr\u00fcnder als auch der heutige Gesch\u00e4ftsf\u00fchrer und Leiter der Kanzlei sowie die Mitarbeiter dieser Anwaltskanzlei stets das Ziel hatten und haben, eine exzellente und sofortige Zufriedenheit der Mandanten zu gew\u00e4hrleisten, um langwierige Gerichtsverfahren und die finanzielle Belastung unserer Mandanten zu vermeiden. Ob es sich um multinationale Konzerne, kleine Unternehmer, Rentner oder Angestellte im \u00f6ffentlichen oder privaten Sektor mit begrenzten finanziellen Mitteln handelt \u2013 oft bieten wir finanzielle Unterst\u00fctzung an, indem wir die F\u00e4lle auf Erfolgsbasis \u00fcbernehmen. Das bedeutet, dass wir unser vereinbartes Anwaltshonorar nur im Falle eines g\u00fcnstigen Ausgangs der gerichtlichen und au\u00dfergerichtlichen Verfahren erhalten, gem\u00e4\u00df dem Prinzip &#8220;no collection, no fee&#8221;, wie es im angloamerikanischen Raum durch das Contingent-Fee-Abkommen bekannt ist, das im Rahmen der Win-Win-Strategie unserer Kanzlei praktiziert wird.<\/p>\n<p>Die Kanzlei Economou &amp; Economou wurde von <strong><a href=\"https:\/\/lawzana.com\/lawyer\/economou-economou-law-office\">Lawzana<\/a><\/strong> als die <strong>beste deutschsprachige Anwaltskanzlei in Griechenland<\/strong> anerkannt und empfohlen.<\/p>\n<p>Mit einer spezialisierten Expertise in der rechtlichen Unterst\u00fctzung deutschsprachiger Mandanten bieten wir hochqualitative Dienstleistungen in den Bereichen Familienrecht, Einwanderungsrecht, Erbrecht Handelsrecht and Immobilienrecht. Unser Team garantiert einen schnellen und effizienten Service, der auf die Bed\u00fcrfnisse von Privatpersonen und Unternehmen zugeschnitten ist.<\/p>\n<p>Die Kanzlei Economou &amp; Economou bietet spezialisierte juristische Dienstleistungen im Bereich Immobilienrecht an und deckt alle Ihre Bed\u00fcrfnisse bei Immobilienk\u00e4ufen, -verk\u00e4ufen und -investitionen in Griechenland ab. Ob es um den Kauf, Verkauf oder die Vermietung von Immobilien geht, unser Team stellt sicher, dass alle rechtlichen Aspekte Ihrer Transaktion sicher und transparent abgewickelt werden.<\/p>\n<p>Wenn Sie einen zuverl\u00e4ssigen deutschsprachigen Anwalt f\u00fcr Ihre Angelegenheit in Griechenland suchen, ist die Kanzlei Economou &amp; Economou die ideale Wahl.<\/p>\n<p>Wir w\u00fcrden uns freuen, Ihnen behilflich sein zu k\u00f6nnen.<\/p>\n<p>Sie k\u00f6nnen die Anwaltskanzlei Oikonomou &amp; Oikonomou in Athen,<\/p>\n<p>per E-Mail:<\/p>\n<p><a href=\"&#109;&#x61;&#105;&#x6c;t&#x6f;:&#101;&#x63;&#111;&#x6e;l&#x61;w&#64;&#x6c;&#105;&#x76;e&#x2e;c&#111;&#x6d;\">&#x65;c&#x6f;&#110;&#x6c;&#97;w&#x40;&#108;&#x69;&#118;e&#x2e;&#99;&#x6f;&#109;<\/a><\/p>\n<p>telefonisch:<\/p>\n<p><a href=\"tel:(+30)2103603824\">(+30)2103603824<\/a><\/p>\n<p>oder \u00fcber das Kontaktformular:<\/p>\n<p><a href=\"https:\/\/www.econlaw.gr\/el\/contact\/\">https:\/\/www.econlaw.gr\/el\/contact\/<\/a><\/p>\n<p class=\"generic-paragraph indent\"><img loading=\"lazy\" decoding=\"async\" src=\"https:\/\/www.econlaw.gr\/wp-content\/uploads\/2024\/10\/img_7233-2-1.jpg\" class=\"size-full wp-image-14840\" width=\"1244\" height=\"983\" srcset=\"https:\/\/www.econlaw.gr\/wp-content\/uploads\/2024\/10\/img_7233-2-1.jpg 1244w, https:\/\/www.econlaw.gr\/wp-content\/uploads\/2024\/10\/img_7233-2-1-300x237.jpg 300w, https:\/\/www.econlaw.gr\/wp-content\/uploads\/2024\/10\/img_7233-2-1-1024x809.jpg 1024w, https:\/\/www.econlaw.gr\/wp-content\/uploads\/2024\/10\/img_7233-2-1-768x607.jpg 768w\" sizes=\"auto, (max-width: 1244px) 100vw, 1244px\" \/><\/p>\n<p>[\/vc_column_text][vc_empty_space][\/vc_column][\/vc_row]<\/p>\n<p><img loading=\"lazy\" decoding=\"async\" src=\"https:\/\/www.econlaw.gr\/wp-content\/uploads\/2024\/12\/img_9634-5-1.png\" class=\"size-full wp-image-16757\" width=\"440\" height=\"440\" srcset=\"https:\/\/www.econlaw.gr\/wp-content\/uploads\/2024\/12\/img_9634-5-1.png 440w, https:\/\/www.econlaw.gr\/wp-content\/uploads\/2024\/12\/img_9634-5-1-300x300.png 300w, https:\/\/www.econlaw.gr\/wp-content\/uploads\/2024\/12\/img_9634-5-1-150x150.png 150w\" sizes=\"auto, (max-width: 440px) 100vw, 440px\" \/><img loading=\"lazy\" decoding=\"async\" src=\"https:\/\/www.econlaw.gr\/wp-content\/uploads\/2024\/12\/img_9603-5-1.jpg\" class=\"size-full wp-image-16772\" width=\"971\" height=\"726\" srcset=\"https:\/\/www.econlaw.gr\/wp-content\/uploads\/2024\/12\/img_9603-5-1.jpg 971w, https:\/\/www.econlaw.gr\/wp-content\/uploads\/2024\/12\/img_9603-5-1-300x224.jpg 300w, https:\/\/www.econlaw.gr\/wp-content\/uploads\/2024\/12\/img_9603-5-1-768x574.jpg 768w\" sizes=\"auto, (max-width: 971px) 100vw, 971px\" \/><img loading=\"lazy\" decoding=\"async\" src=\"https:\/\/www.econlaw.gr\/wp-content\/uploads\/2024\/12\/img_9598-5-1.jpg\" class=\"size-full wp-image-16762\" width=\"1131\" height=\"620\" srcset=\"https:\/\/www.econlaw.gr\/wp-content\/uploads\/2024\/12\/img_9598-5-1.jpg 1131w, https:\/\/www.econlaw.gr\/wp-content\/uploads\/2024\/12\/img_9598-5-1-300x164.jpg 300w, https:\/\/www.econlaw.gr\/wp-content\/uploads\/2024\/12\/img_9598-5-1-1024x561.jpg 1024w, https:\/\/www.econlaw.gr\/wp-content\/uploads\/2024\/12\/img_9598-5-1-768x421.jpg 768w\" sizes=\"auto, (max-width: 1131px) 100vw, 1131px\" \/><img loading=\"lazy\" decoding=\"async\" src=\"https:\/\/www.econlaw.gr\/wp-content\/uploads\/2024\/12\/fc7746fc-980c-434a-8914-e9ac5c55c8bc-1.png\" class=\"size-full wp-image-16767\" width=\"1024\" height=\"1024\" srcset=\"https:\/\/www.econlaw.gr\/wp-content\/uploads\/2024\/12\/fc7746fc-980c-434a-8914-e9ac5c55c8bc-1.png 1024w, https:\/\/www.econlaw.gr\/wp-content\/uploads\/2024\/12\/fc7746fc-980c-434a-8914-e9ac5c55c8bc-1-300x300.png 300w, https:\/\/www.econlaw.gr\/wp-content\/uploads\/2024\/12\/fc7746fc-980c-434a-8914-e9ac5c55c8bc-1-150x150.png 150w, https:\/\/www.econlaw.gr\/wp-content\/uploads\/2024\/12\/fc7746fc-980c-434a-8914-e9ac5c55c8bc-1-768x768.png 768w, https:\/\/www.econlaw.gr\/wp-content\/uploads\/2024\/12\/fc7746fc-980c-434a-8914-e9ac5c55c8bc-1-650x650.png 650w\" sizes=\"auto, (max-width: 1024px) 100vw, 1024px\" \/><\/p>\n","protected":false},"excerpt":{"rendered":"<p>Panos Economou Gr\u00fcnder und Seniorpartner und als von Oktober 2012 Juristische Berater der Anwaltskanzlei Economou &#038; Economou, hat in Athen Jura studiert und weiter in Bereich von \u201eAntitrust law\u201c in USA (eine Masterstudium fertiggelegt).<\/p>\n","protected":false},"author":1,"featured_media":0,"parent":0,"menu_order":0,"comment_status":"closed","ping_status":"closed","template":"","meta":{"_lmt_disableupdate":"","_lmt_disable":"","ngg_post_thumbnail":0,"footnotes":""},"class_list":["post-3643","page","type-page","status-publish","hentry"],"yoast_head":"<!-- This site is optimized with the Yoast SEO plugin v25.2 - https:\/\/yoast.com\/wordpress\/plugins\/seo\/ -->\n<title>Unsere Geschichte - Economou &amp; Economou Law Office<\/title>\n<meta name=\"robots\" content=\"index, follow, max-snippet:-1, max-image-preview:large, max-video-preview:-1\" \/>\n<link rel=\"canonical\" href=\"https:\/\/www.econlaw.gr\/de\/unsere-geschichte\/\" \/>\n<meta property=\"og:locale\" content=\"de_DE\" \/>\n<meta property=\"og:type\" content=\"article\" \/>\n<meta property=\"og:title\" content=\"Unsere Geschichte - Economou &amp; Economou Law Office\" \/>\n<meta property=\"og:description\" content=\"Panos Economou Gr\u00fcnder und Seniorpartner und als von Oktober 2012 Juristische Berater der Anwaltskanzlei Economou &amp; Economou, hat in Athen Jura studiert und weiter in Bereich von \u201eAntitrust law\u201c in USA (eine Masterstudium fertiggelegt).\" \/>\n<meta property=\"og:url\" content=\"https:\/\/www.econlaw.gr\/de\/unsere-geschichte\/\" \/>\n<meta property=\"og:site_name\" content=\"Economou &amp; Economou Law Office\" \/>\n<meta property=\"article:modified_time\" content=\"2024-12-26T11:33:01+00:00\" \/>\n<meta property=\"og:image\" content=\"https:\/\/www.econlaw.gr\/wp-content\/uploads\/2024\/10\/img_7233-2-1.jpg\" \/>\n\t<meta property=\"og:image:width\" content=\"1244\" \/>\n\t<meta property=\"og:image:height\" content=\"983\" \/>\n\t<meta property=\"og:image:type\" content=\"image\/jpeg\" \/>\n<meta name=\"twitter:card\" content=\"summary_large_image\" \/>\n<meta name=\"twitter:label1\" content=\"Gesch\u00e4tzte Lesezeit\" \/>\n\t<meta name=\"twitter:data1\" content=\"5\u00a0Minuten\" \/>\n<script type=\"application\/ld+json\" class=\"yoast-schema-graph\">{\"@context\":\"https:\/\/schema.org\",\"@graph\":[{\"@type\":\"WebPage\",\"@id\":\"https:\/\/www.econlaw.gr\/de\/unsere-geschichte\/\",\"url\":\"https:\/\/www.econlaw.gr\/de\/unsere-geschichte\/\",\"name\":\"Unsere Geschichte - Economou &amp; Economou Law Office\",\"isPartOf\":{\"@id\":\"https:\/\/www.econlaw.gr\/de\/#website\"},\"primaryImageOfPage\":{\"@id\":\"https:\/\/www.econlaw.gr\/de\/unsere-geschichte\/#primaryimage\"},\"image\":{\"@id\":\"https:\/\/www.econlaw.gr\/de\/unsere-geschichte\/#primaryimage\"},\"thumbnailUrl\":\"https:\/\/www.econlaw.gr\/wp-content\/uploads\/2024\/10\/img_7233-2-1.jpg\",\"datePublished\":\"2018-11-05T18:53:06+00:00\",\"dateModified\":\"2024-12-26T11:33:01+00:00\",\"breadcrumb\":{\"@id\":\"https:\/\/www.econlaw.gr\/de\/unsere-geschichte\/#breadcrumb\"},\"inLanguage\":\"de\",\"potentialAction\":[{\"@type\":\"ReadAction\",\"target\":[\"https:\/\/www.econlaw.gr\/de\/unsere-geschichte\/\"]}]},{\"@type\":\"ImageObject\",\"inLanguage\":\"de\",\"@id\":\"https:\/\/www.econlaw.gr\/de\/unsere-geschichte\/#primaryimage\",\"url\":\"https:\/\/www.econlaw.gr\/wp-content\/uploads\/2024\/10\/img_7233-2-1.jpg\",\"contentUrl\":\"https:\/\/www.econlaw.gr\/wp-content\/uploads\/2024\/10\/img_7233-2-1.jpg\"},{\"@type\":\"BreadcrumbList\",\"@id\":\"https:\/\/www.econlaw.gr\/de\/unsere-geschichte\/#breadcrumb\",\"itemListElement\":[{\"@type\":\"ListItem\",\"position\":1,\"name\":\"Home\",\"item\":\"https:\/\/www.econlaw.gr\/de\/\"},{\"@type\":\"ListItem\",\"position\":2,\"name\":\"Unsere Geschichte\"}]},{\"@type\":\"WebSite\",\"@id\":\"https:\/\/www.econlaw.gr\/de\/#website\",\"url\":\"https:\/\/www.econlaw.gr\/de\/\",\"name\":\"Economou &amp; Economou Law Office\",\"description\":\"Lawyer and Attorney international legal services\",\"publisher\":{\"@id\":\"https:\/\/www.econlaw.gr\/de\/#organization\"},\"potentialAction\":[{\"@type\":\"SearchAction\",\"target\":{\"@type\":\"EntryPoint\",\"urlTemplate\":\"https:\/\/www.econlaw.gr\/de\/?s={search_term_string}\"},\"query-input\":{\"@type\":\"PropertyValueSpecification\",\"valueRequired\":true,\"valueName\":\"search_term_string\"}}],\"inLanguage\":\"de\"},{\"@type\":\"Organization\",\"@id\":\"https:\/\/www.econlaw.gr\/de\/#organization\",\"name\":\"Economou &amp; Economou Law Office\",\"url\":\"https:\/\/www.econlaw.gr\/de\/\",\"logo\":{\"@type\":\"ImageObject\",\"inLanguage\":\"de\",\"@id\":\"https:\/\/www.econlaw.gr\/de\/#\/schema\/logo\/image\/\",\"url\":\"https:\/\/www.econlaw.gr\/wp-content\/uploads\/2018\/11\/logo-side-area.png\",\"contentUrl\":\"https:\/\/www.econlaw.gr\/wp-content\/uploads\/2018\/11\/logo-side-area.png\",\"width\":224,\"height\":68,\"caption\":\"Economou &amp; Economou Law Office\"},\"image\":{\"@id\":\"https:\/\/www.econlaw.gr\/de\/#\/schema\/logo\/image\/\"}}]}<\/script>\n<!-- \/ Yoast SEO plugin. -->","yoast_head_json":{"title":"Unsere Geschichte - Economou &amp; Economou Law Office","robots":{"index":"index","follow":"follow","max-snippet":"max-snippet:-1","max-image-preview":"max-image-preview:large","max-video-preview":"max-video-preview:-1"},"canonical":"https:\/\/www.econlaw.gr\/de\/unsere-geschichte\/","og_locale":"de_DE","og_type":"article","og_title":"Unsere Geschichte - Economou &amp; Economou Law Office","og_description":"Panos Economou Gr\u00fcnder und Seniorpartner und als von Oktober 2012 Juristische Berater der Anwaltskanzlei Economou & Economou, hat in Athen Jura studiert und weiter in Bereich von \u201eAntitrust law\u201c in USA (eine Masterstudium fertiggelegt).","og_url":"https:\/\/www.econlaw.gr\/de\/unsere-geschichte\/","og_site_name":"Economou &amp; Economou Law Office","article_modified_time":"2024-12-26T11:33:01+00:00","og_image":[{"width":1244,"height":983,"url":"https:\/\/www.econlaw.gr\/wp-content\/uploads\/2024\/10\/img_7233-2-1.jpg","type":"image\/jpeg"}],"twitter_card":"summary_large_image","twitter_misc":{"Gesch\u00e4tzte Lesezeit":"5\u00a0Minuten"},"schema":{"@context":"https:\/\/schema.org","@graph":[{"@type":"WebPage","@id":"https:\/\/www.econlaw.gr\/de\/unsere-geschichte\/","url":"https:\/\/www.econlaw.gr\/de\/unsere-geschichte\/","name":"Unsere Geschichte - Economou &amp; Economou Law Office","isPartOf":{"@id":"https:\/\/www.econlaw.gr\/de\/#website"},"primaryImageOfPage":{"@id":"https:\/\/www.econlaw.gr\/de\/unsere-geschichte\/#primaryimage"},"image":{"@id":"https:\/\/www.econlaw.gr\/de\/unsere-geschichte\/#primaryimage"},"thumbnailUrl":"https:\/\/www.econlaw.gr\/wp-content\/uploads\/2024\/10\/img_7233-2-1.jpg","datePublished":"2018-11-05T18:53:06+00:00","dateModified":"2024-12-26T11:33:01+00:00","breadcrumb":{"@id":"https:\/\/www.econlaw.gr\/de\/unsere-geschichte\/#breadcrumb"},"inLanguage":"de","potentialAction":[{"@type":"ReadAction","target":["https:\/\/www.econlaw.gr\/de\/unsere-geschichte\/"]}]},{"@type":"ImageObject","inLanguage":"de","@id":"https:\/\/www.econlaw.gr\/de\/unsere-geschichte\/#primaryimage","url":"https:\/\/www.econlaw.gr\/wp-content\/uploads\/2024\/10\/img_7233-2-1.jpg","contentUrl":"https:\/\/www.econlaw.gr\/wp-content\/uploads\/2024\/10\/img_7233-2-1.jpg"},{"@type":"BreadcrumbList","@id":"https:\/\/www.econlaw.gr\/de\/unsere-geschichte\/#breadcrumb","itemListElement":[{"@type":"ListItem","position":1,"name":"Home","item":"https:\/\/www.econlaw.gr\/de\/"},{"@type":"ListItem","position":2,"name":"Unsere Geschichte"}]},{"@type":"WebSite","@id":"https:\/\/www.econlaw.gr\/de\/#website","url":"https:\/\/www.econlaw.gr\/de\/","name":"Economou &amp; Economou Law Office","description":"Lawyer and Attorney international legal services","publisher":{"@id":"https:\/\/www.econlaw.gr\/de\/#organization"},"potentialAction":[{"@type":"SearchAction","target":{"@type":"EntryPoint","urlTemplate":"https:\/\/www.econlaw.gr\/de\/?s={search_term_string}"},"query-input":{"@type":"PropertyValueSpecification","valueRequired":true,"valueName":"search_term_string"}}],"inLanguage":"de"},{"@type":"Organization","@id":"https:\/\/www.econlaw.gr\/de\/#organization","name":"Economou &amp; Economou Law Office","url":"https:\/\/www.econlaw.gr\/de\/","logo":{"@type":"ImageObject","inLanguage":"de","@id":"https:\/\/www.econlaw.gr\/de\/#\/schema\/logo\/image\/","url":"https:\/\/www.econlaw.gr\/wp-content\/uploads\/2018\/11\/logo-side-area.png","contentUrl":"https:\/\/www.econlaw.gr\/wp-content\/uploads\/2018\/11\/logo-side-area.png","width":224,"height":68,"caption":"Economou &amp; Economou Law Office"},"image":{"@id":"https:\/\/www.econlaw.gr\/de\/#\/schema\/logo\/image\/"}}]}},"jetpack_sharing_enabled":true,"_links":{"self":[{"href":"https:\/\/www.econlaw.gr\/de\/wp-json\/wp\/v2\/pages\/3643","targetHints":{"allow":["GET"]}}],"collection":[{"href":"https:\/\/www.econlaw.gr\/de\/wp-json\/wp\/v2\/pages"}],"about":[{"href":"https:\/\/www.econlaw.gr\/de\/wp-json\/wp\/v2\/types\/page"}],"author":[{"embeddable":true,"href":"https:\/\/www.econlaw.gr\/de\/wp-json\/wp\/v2\/users\/1"}],"replies":[{"embeddable":true,"href":"https:\/\/www.econlaw.gr\/de\/wp-json\/wp\/v2\/comments?post=3643"}],"version-history":[{"count":12,"href":"https:\/\/www.econlaw.gr\/de\/wp-json\/wp\/v2\/pages\/3643\/revisions"}],"predecessor-version":[{"id":16777,"href":"https:\/\/www.econlaw.gr\/de\/wp-json\/wp\/v2\/pages\/3643\/revisions\/16777"}],"wp:attachment":[{"href":"https:\/\/www.econlaw.gr\/de\/wp-json\/wp\/v2\/media?parent=3643"}],"curies":[{"name":"wp","href":"https:\/\/api.w.org\/{rel}","templated":true}]}}