{"id":2934,"date":"2015-11-17T16:08:53","date_gmt":"2015-11-17T16:08:53","guid":{"rendered":"https:\/\/www.econlaw.gr\/contact\/"},"modified":"2025-06-02T01:33:45","modified_gmt":"2025-06-01T23:33:45","slug":"contact","status":"publish","type":"page","link":"https:\/\/www.econlaw.gr\/de\/contact\/","title":{"rendered":"Kontaktiere uns"},"content":{"rendered":"<p>[vc_row content_width=&#8221;grid&#8221; triangle_shape=&#8221;no&#8221; css=&#8221;.vc_custom_1447839811894{padding-top: 58px !important;padding-bottom: 23px !important;background-color: #f2f2f2 !important;}&#8221;][vc_column offset=&#8221;vc_col-lg-4 vc_col-md-4&#8243;][vc_column_text]<\/p>\n<h2>Unsere buros<\/h2>\n<p>[\/vc_column_text]<div class=\"mkd-separator-holder clearfix  mkd-separator-center mkd-separator-full-width\" style=\"margin-top: -9px; margin-bottom: 0px; height: 0px\">\n\t<div class=\"mkd-separator\" style=\"border-color: rgba(255,255,255,0.01);border-bottom-width: 0px\"><\/div>\n<\/div>\n[vc_column_text]<\/p>\n<h5>uns treffen<\/h5>\n<p>[\/vc_column_text][vc_empty_space height=&#8221;20px&#8221;]<div class=\"mkd-image-gallery\">\n\t<div class=\"mkd-image-gallery-slider\" data-autoplay=\"5\" data-animation=\"slide\" data-navigation=\"no\" data-pagination=\"yes\" >\n\t\t\t\t\t\t<a href=\"https:\/\/www.econlaw.gr\/wp-content\/uploads\/2018\/10\/asklipiou-offices.jpg\" data-rel=\"prettyPhoto[single_pretty_photo]\" title=\"asklipiou-offices\">\n\t\t\t\t\t\t\t<img loading=\"lazy\" decoding=\"async\" src=\"https:\/\/www.econlaw.gr\/wp-content\/uploads\/2018\/10\/asklipiou-offices.jpg\" alt=\"asklipiou-offices\" width=\"389\" height=\"260\">\n\t\t\t\t\t\t\t<\/a>\n\t\t\t\t\t\t\t<a href=\"https:\/\/www.econlaw.gr\/wp-content\/uploads\/2018\/11\/asklipiou-offices-2.png\" data-rel=\"prettyPhoto[single_pretty_photo]\" title=\"asklipiou-offices-2\">\n\t\t\t\t\t\t\t<img loading=\"lazy\" decoding=\"async\" src=\"https:\/\/www.econlaw.gr\/wp-content\/uploads\/2018\/11\/asklipiou-offices-2.png\" alt=\"asklipiou-offices-2\" width=\"201\" height=\"260\">\n\t\t\t\t\t\t\t<\/a>\n\t\t\t\t\t\t\t<a href=\"https:\/\/www.econlaw.gr\/wp-content\/uploads\/2018\/11\/university-of-athens-768x484.jpg\" data-rel=\"prettyPhoto[single_pretty_photo]\" title=\"university-of-athens\">\n\t\t\t\t\t\t\t<img loading=\"lazy\" decoding=\"async\" src=\"https:\/\/www.econlaw.gr\/wp-content\/uploads\/2018\/11\/university-of-athens-768x484.jpg\" alt=\"university-of-athens\" width=\"413\" height=\"260\">\n\t\t\t\t\t\t\t<\/a>\n\t\t\t\t<\/div>\n<\/div>[vc_empty_space height=&#8221;20px&#8221;][vc_column_text]26 Asklipiou Str., Athen 10679, Griechenland[\/vc_column_text][vc_empty_space height=&#8221;55px&#8221;][\/vc_column][vc_column offset=&#8221;vc_col-lg-4 vc_col-md-4&#8243;][vc_column_text]<\/p>\n<h2>Kontaktiere uns<\/h2>\n<p>[\/vc_column_text]<div class=\"mkd-separator-holder clearfix  mkd-separator-center mkd-separator-full-width\" style=\"margin-top: -9px; margin-bottom: 0px; height: 0px\">\n\t<div class=\"mkd-separator\" style=\"border-color: rgba(255,255,255,0.01);border-bottom-width: 0px\"><\/div>\n<\/div>\n[vc_column_text]<\/p>\n<h5>&nbsp;<\/h5>\n<p>[\/vc_column_text]<div class=\"wpforms-container wpforms-container-full wpforms-render-modern\" id=\"wpforms-4930\"><form id=\"wpforms-form-4930\" class=\"wpforms-validate wpforms-form wpforms-ajax-form\" data-formid=\"4930\" method=\"post\" enctype=\"multipart\/form-data\" action=\"\/de\/wp-json\/wp\/v2\/pages\/2934\" data-token=\"2c4e4bd09e1b71a3b3a45bd54e00f28a\" data-token-time=\"1776289052\"><noscript class=\"wpforms-error-noscript\">Bitte aktiviere JavaScript in deinem Browser, um dieses Formular fertigzustellen.<\/noscript><div class=\"wpforms-hidden\" id=\"wpforms-error-noscript\">Bitte aktiviere JavaScript in deinem Browser, um dieses Formular fertigzustellen.<\/div><div class=\"wpforms-field-container\"><div id=\"wpforms-4930-field_0-container\" class=\"wpforms-field wpforms-field-name\" data-field-id=\"0\"><fieldset><legend class=\"wpforms-field-label\">Name <span class=\"wpforms-required-label\" aria-hidden=\"true\">*<\/span><\/legend><div class=\"wpforms-field-row wpforms-field-medium\"><div class=\"wpforms-field-row-block wpforms-first wpforms-one-half\"><input type=\"text\" id=\"wpforms-4930-field_0\" class=\"wpforms-field-name-first wpforms-field-required\" name=\"wpforms[fields][0][first]\" aria-errormessage=\"wpforms-4930-field_0-error\" required><label for=\"wpforms-4930-field_0\" class=\"wpforms-field-sublabel after\">Vorname<\/label><\/div><div class=\"wpforms-field-row-block wpforms-one-half\"><input type=\"text\" id=\"wpforms-4930-field_0-last\" class=\"wpforms-field-name-last wpforms-field-required\" name=\"wpforms[fields][0][last]\" aria-errormessage=\"wpforms-4930-field_0-last-error\" required><label for=\"wpforms-4930-field_0-last\" class=\"wpforms-field-sublabel after\">Nachname<\/label><\/div><\/div><\/fieldset><\/div><div id=\"wpforms-4930-field_1-container\" class=\"wpforms-field wpforms-field-email\" data-field-id=\"1\"><label class=\"wpforms-field-label\" for=\"wpforms-4930-field_1\">Email <span class=\"wpforms-required-label\" aria-hidden=\"true\">*<\/span><\/label><input type=\"email\" id=\"wpforms-4930-field_1\" class=\"wpforms-field-medium wpforms-field-required\" name=\"wpforms[fields][1]\" spellcheck=\"false\" aria-errormessage=\"wpforms-4930-field_1-error\" required><\/div><div id=\"wpforms-4930-field_2-container\" class=\"wpforms-field wpforms-field-textarea\" data-field-id=\"2\"><label class=\"wpforms-field-label\" for=\"wpforms-4930-field_2\">Message<\/label><textarea id=\"wpforms-4930-field_2\" class=\"wpforms-field-medium\" name=\"wpforms[fields][2]\" aria-errormessage=\"wpforms-4930-field_2-error\" ><\/textarea><\/div><\/div><!-- .wpforms-field-container --><div class=\"wpforms-submit-container\" ><input type=\"hidden\" name=\"wpforms[id]\" value=\"4930\"><input type=\"hidden\" name=\"page_title\" value=\"\"><input type=\"hidden\" name=\"page_url\" value=\"https:\/\/www.econlaw.gr\/de\/wp-json\/wp\/v2\/pages\/2934\"><input type=\"hidden\" name=\"url_referer\" value=\"\"><button type=\"submit\" name=\"wpforms[submit]\" id=\"wpforms-submit-4930\" class=\"wpforms-submit\" data-alt-text=\"Sending...\" data-submit-text=\"Submit\" aria-live=\"assertive\" value=\"wpforms-submit\">Submit<\/button><img loading=\"lazy\" decoding=\"async\" src=\"https:\/\/www.econlaw.gr\/wp-content\/plugins\/wpforms-lite\/assets\/images\/submit-spin.svg\" class=\"wpforms-submit-spinner\" style=\"display: none;\" width=\"26\" height=\"26\" alt=\"Wird geladen\"><\/div><\/form><\/div>  <!-- .wpforms-container -->[\/vc_column][vc_column offset=&#8221;vc_col-lg-4 vc_col-md-4&#8243;][vc_column_text]<\/p>\n<h2>Kontakt details<\/h2>\n<p>[\/vc_column_text]<div class=\"mkd-separator-holder clearfix  mkd-separator-center mkd-separator-full-width\" style=\"margin-top: -9px; margin-bottom: 0px; height: 0px\">\n\t<div class=\"mkd-separator\" style=\"border-color: rgba(255,255,255,0.01);border-bottom-width: 0px\"><\/div>\n<\/div>\n[vc_column_text]<\/p>\n<h5>Telefon und E-Mail<\/h5>\n<p>[\/vc_column_text][vc_empty_space height=&#8221;14px&#8221;][vc_column_text]Brauchen Sie rechtliche Hilfe oder Beratung? F\u00fcr weitere Informationen und Antworten auf Ihre Fragen k\u00f6nnen Sie uns eine E-Mail senden und wir werden so schnell wie m\u00f6glich antworten oder Sie k\u00f6nnen uns anrufen und mit uns Ihren Fall genauer besprechen.[\/vc_column_text][vc_empty_space height=&#8221;22px&#8221;]\n    <span class=\"mkd-icon-shortcode normal\"  data-color=\"#c18f59\" >\n        \n        <i class=\"mkd-icon-simple-line-icon icon-envelope mkd-icon-element\" style=\"color: #c18f59;font-size:24px\" ><\/i>\n                <span  class=\"mkd-background\"><\/span>\n    <\/span>\n\n[vc_raw_html el_id=&#8221;contact-email-address&#8221;]JTNDcCUyMGNsYXNzJTNEJTIybWtkLWljb24tbGlzdC10ZXh0JTIyJTIwc3R5bGUlM0QlMjJjb2xvciUzQSUyMCUyMzIyMjIyMiUzQiUyMGZvbnQtc2l6ZSUzQSUyMDIycHglM0IlMjBwYWRkaW5nLWxlZnQlM0ElMjA1cHglM0IlMjBsaW5lLWhlaWdodCUzQSUyMDI0cHglM0IlMjB2ZXJ0aWNhbC1hbGlnbiUzQSUyMG1pZGRsZSUzQiUyMiUyMGRhdGEtdGl0bGUtc2l6ZSUzRCUyMjIyJTIyJTNFJTNDYSUyMHN0eWxlJTNEJTIyY29sb3IlM0ElMjAlMjMyMjIyMjIlM0IlMjIlMjBocmVmJTNEJTIybWFpbHRvJTNBZWNvbmxhdyU0MGxpdmUuY29tJTIyJTNFZWNvbmxhdyU0MGxpdmUuY29tJTNDJTJGYSUzRSUzQyUyRnAlM0U=[\/vc_raw_html][vc_column_text]E-Mail-Addresse[\/vc_column_text][vc_empty_space height=&#8221;30px&#8221;]<div class=\"mkd-icon-list-item\">\n\t<div class=\"mkd-icon-list-icon-holder\">\n        <div class=\"mkd-icon-list-icon-holder-inner clearfix\" data-icon-size=22>\n\t\t\t<i class=\"mkd-icon-simple-line-icon icon-earphones-alt \" style=\"color:#c18f59;font-size:22px\" ><\/i>\t\t<\/div>\n\t<\/div>\n\t<p class=\"mkd-icon-list-text\" style=\"color:#222222;font-size:22px;padding-left:8px\" data-title-size=22> (+30) 210 3603824<\/p>\n<\/div>[vc_empty_space height=&#8221;30px&#8221;]<div class=\"mkd-icon-list-item\">\n\t<div class=\"mkd-icon-list-icon-holder\">\n        <div class=\"mkd-icon-list-icon-holder-inner clearfix\" data-icon-size=22>\n\t\t\t<i class=\"mkd-icon-simple-line-icon icon-phone \" style=\"color:#c18f59;font-size:22px\" ><\/i>\t\t<\/div>\n\t<\/div>\n\t<p class=\"mkd-icon-list-text\" style=\"color:#222222;font-size:22px;padding-left:8px\" data-title-size=22> (+30) 6972 480 365<\/p>\n<\/div>[vc_column_text]Handynummer[\/vc_column_text][vc_empty_space height=&#8221;30px&#8221;]<div class=\"mkd-icon-list-item\">\n\t<div class=\"mkd-icon-list-icon-holder\">\n        <div class=\"mkd-icon-list-icon-holder-inner clearfix\" data-icon-size=22>\n\t\t\t<i class=\"mkd-icon-simple-line-icon icon-clock \" style=\"color:#c18f59;font-size:22px\" ><\/i>\t\t<\/div>\n\t<\/div>\n\t<p class=\"mkd-icon-list-text\" style=\"color:#222222;font-size:22px;padding-left:8px\" data-title-size=22> 8:00-19:00<\/p>\n<\/div>[vc_column_text]Gesch\u00e4ftszeiten Montag &#8211; Freitag[\/vc_column_text][vc_empty_space height=&#8221;25px&#8221;][\/vc_column][\/vc_row]<\/p>\n","protected":false},"excerpt":{"rendered":"<p>Brauchen Sie rechtliche Hilfe oder Beratung? F\u00fcr weitere Informationen und Antworten auf Ihre Fragen k\u00f6nnen Sie uns eine E-Mail senden und wir werden so schnell wie m\u00f6glich antworten oder Sie k\u00f6nnen uns anrufen und mit uns Ihren Fall genauer besprechen.<\/p>\n","protected":false},"author":1,"featured_media":2927,"parent":0,"menu_order":0,"comment_status":"closed","ping_status":"closed","template":"full-width.php","meta":{"_lmt_disableupdate":"no","_lmt_disable":"","ngg_post_thumbnail":0,"footnotes":""},"class_list":["post-2934","page","type-page","status-publish","has-post-thumbnail","hentry"],"yoast_head":"<!-- This site is optimized with the Yoast SEO plugin v25.2 - https:\/\/yoast.com\/wordpress\/plugins\/seo\/ -->\n<title>Kontaktiere uns - Economou &amp; Economou Law Office<\/title>\n<meta name=\"robots\" content=\"index, follow, max-snippet:-1, max-image-preview:large, max-video-preview:-1\" \/>\n<link rel=\"canonical\" href=\"https:\/\/www.econlaw.gr\/de\/\" \/>\n<meta property=\"og:locale\" content=\"de_DE\" \/>\n<meta property=\"og:type\" content=\"article\" \/>\n<meta property=\"og:title\" content=\"Kontaktiere uns - Economou &amp; Economou Law Office\" \/>\n<meta property=\"og:description\" content=\"Brauchen Sie rechtliche Hilfe oder Beratung? F\u00fcr weitere Informationen und Antworten auf Ihre Fragen k\u00f6nnen Sie uns eine E-Mail senden und wir werden so schnell wie m\u00f6glich antworten oder Sie k\u00f6nnen uns anrufen und mit uns Ihren Fall genauer besprechen.\" \/>\n<meta property=\"og:url\" content=\"https:\/\/www.econlaw.gr\" \/>\n<meta property=\"og:site_name\" content=\"Economou &amp; Economou Law Office\" \/>\n<meta property=\"article:modified_time\" content=\"2025-06-01T23:33:45+00:00\" \/>\n<meta property=\"og:image\" content=\"https:\/\/www.econlaw.gr\/wp-content\/uploads\/2018\/10\/asklipiou-offices.jpg\" \/>\n\t<meta property=\"og:image:width\" content=\"1024\" \/>\n\t<meta property=\"og:image:height\" content=\"685\" \/>\n\t<meta property=\"og:image:type\" content=\"image\/jpeg\" \/>\n<meta name=\"twitter:card\" content=\"summary_large_image\" \/>\n<meta name=\"twitter:label1\" content=\"Gesch\u00e4tzte Lesezeit\" \/>\n\t<meta name=\"twitter:data1\" content=\"1\u00a0Minute\" \/>\n<script type=\"application\/ld+json\" class=\"yoast-schema-graph\">{\"@context\":\"https:\/\/schema.org\",\"@graph\":[{\"@type\":\"WebPage\",\"@id\":\"https:\/\/www.econlaw.gr\/de\/contact\/\",\"url\":\"https:\/\/www.econlaw.gr\",\"name\":\"Kontaktiere uns - Economou &amp; Economou Law Office\",\"isPartOf\":{\"@id\":\"https:\/\/www.econlaw.gr\/de\/#website\"},\"primaryImageOfPage\":{\"@id\":\"https:\/\/www.econlaw.gr#primaryimage\"},\"image\":{\"@id\":\"https:\/\/www.econlaw.gr#primaryimage\"},\"thumbnailUrl\":\"https:\/\/www.econlaw.gr\/wp-content\/uploads\/2018\/10\/asklipiou-offices.jpg\",\"datePublished\":\"2015-11-17T16:08:53+00:00\",\"dateModified\":\"2025-06-01T23:33:45+00:00\",\"breadcrumb\":{\"@id\":\"https:\/\/www.econlaw.gr#breadcrumb\"},\"inLanguage\":\"de\",\"potentialAction\":[{\"@type\":\"ReadAction\",\"target\":[\"https:\/\/www.econlaw.gr\"]}]},{\"@type\":\"ImageObject\",\"inLanguage\":\"de\",\"@id\":\"https:\/\/www.econlaw.gr#primaryimage\",\"url\":\"https:\/\/www.econlaw.gr\/wp-content\/uploads\/2018\/10\/asklipiou-offices.jpg\",\"contentUrl\":\"https:\/\/www.econlaw.gr\/wp-content\/uploads\/2018\/10\/asklipiou-offices.jpg\",\"width\":1024,\"height\":685},{\"@type\":\"BreadcrumbList\",\"@id\":\"https:\/\/www.econlaw.gr#breadcrumb\",\"itemListElement\":[{\"@type\":\"ListItem\",\"position\":1,\"name\":\"Home\",\"item\":\"https:\/\/www.econlaw.gr\/de\/\"},{\"@type\":\"ListItem\",\"position\":2,\"name\":\"Kontaktiere uns\"}]},{\"@type\":\"WebSite\",\"@id\":\"https:\/\/www.econlaw.gr\/de\/#website\",\"url\":\"https:\/\/www.econlaw.gr\/de\/\",\"name\":\"Economou &amp; Economou Law Office\",\"description\":\"Lawyer and Attorney international legal services\",\"publisher\":{\"@id\":\"https:\/\/www.econlaw.gr\/de\/#organization\"},\"potentialAction\":[{\"@type\":\"SearchAction\",\"target\":{\"@type\":\"EntryPoint\",\"urlTemplate\":\"https:\/\/www.econlaw.gr\/de\/?s={search_term_string}\"},\"query-input\":{\"@type\":\"PropertyValueSpecification\",\"valueRequired\":true,\"valueName\":\"search_term_string\"}}],\"inLanguage\":\"de\"},{\"@type\":\"Organization\",\"@id\":\"https:\/\/www.econlaw.gr\/de\/#organization\",\"name\":\"Economou &amp; Economou Law Office\",\"url\":\"https:\/\/www.econlaw.gr\/de\/\",\"logo\":{\"@type\":\"ImageObject\",\"inLanguage\":\"de\",\"@id\":\"https:\/\/www.econlaw.gr\/de\/#\/schema\/logo\/image\/\",\"url\":\"https:\/\/www.econlaw.gr\/wp-content\/uploads\/2018\/11\/logo-side-area.png\",\"contentUrl\":\"https:\/\/www.econlaw.gr\/wp-content\/uploads\/2018\/11\/logo-side-area.png\",\"width\":224,\"height\":68,\"caption\":\"Economou &amp; Economou Law Office\"},\"image\":{\"@id\":\"https:\/\/www.econlaw.gr\/de\/#\/schema\/logo\/image\/\"}}]}<\/script>\n<!-- \/ Yoast SEO plugin. -->","yoast_head_json":{"title":"Kontaktiere uns - Economou &amp; Economou Law Office","robots":{"index":"index","follow":"follow","max-snippet":"max-snippet:-1","max-image-preview":"max-image-preview:large","max-video-preview":"max-video-preview:-1"},"canonical":"https:\/\/www.econlaw.gr\/de\/","og_locale":"de_DE","og_type":"article","og_title":"Kontaktiere uns - Economou &amp; Economou Law Office","og_description":"Brauchen Sie rechtliche Hilfe oder Beratung? F\u00fcr weitere Informationen und Antworten auf Ihre Fragen k\u00f6nnen Sie uns eine E-Mail senden und wir werden so schnell wie m\u00f6glich antworten oder Sie k\u00f6nnen uns anrufen und mit uns Ihren Fall genauer besprechen.","og_url":"https:\/\/www.econlaw.gr","og_site_name":"Economou &amp; Economou Law Office","article_modified_time":"2025-06-01T23:33:45+00:00","og_image":[{"width":1024,"height":685,"url":"https:\/\/www.econlaw.gr\/wp-content\/uploads\/2018\/10\/asklipiou-offices.jpg","type":"image\/jpeg"}],"twitter_card":"summary_large_image","twitter_misc":{"Gesch\u00e4tzte Lesezeit":"1\u00a0Minute"},"schema":{"@context":"https:\/\/schema.org","@graph":[{"@type":"WebPage","@id":"https:\/\/www.econlaw.gr\/de\/contact\/","url":"https:\/\/www.econlaw.gr","name":"Kontaktiere uns - Economou &amp; Economou Law Office","isPartOf":{"@id":"https:\/\/www.econlaw.gr\/de\/#website"},"primaryImageOfPage":{"@id":"https:\/\/www.econlaw.gr#primaryimage"},"image":{"@id":"https:\/\/www.econlaw.gr#primaryimage"},"thumbnailUrl":"https:\/\/www.econlaw.gr\/wp-content\/uploads\/2018\/10\/asklipiou-offices.jpg","datePublished":"2015-11-17T16:08:53+00:00","dateModified":"2025-06-01T23:33:45+00:00","breadcrumb":{"@id":"https:\/\/www.econlaw.gr#breadcrumb"},"inLanguage":"de","potentialAction":[{"@type":"ReadAction","target":["https:\/\/www.econlaw.gr"]}]},{"@type":"ImageObject","inLanguage":"de","@id":"https:\/\/www.econlaw.gr#primaryimage","url":"https:\/\/www.econlaw.gr\/wp-content\/uploads\/2018\/10\/asklipiou-offices.jpg","contentUrl":"https:\/\/www.econlaw.gr\/wp-content\/uploads\/2018\/10\/asklipiou-offices.jpg","width":1024,"height":685},{"@type":"BreadcrumbList","@id":"https:\/\/www.econlaw.gr#breadcrumb","itemListElement":[{"@type":"ListItem","position":1,"name":"Home","item":"https:\/\/www.econlaw.gr\/de\/"},{"@type":"ListItem","position":2,"name":"Kontaktiere uns"}]},{"@type":"WebSite","@id":"https:\/\/www.econlaw.gr\/de\/#website","url":"https:\/\/www.econlaw.gr\/de\/","name":"Economou &amp; Economou Law Office","description":"Lawyer and Attorney international legal services","publisher":{"@id":"https:\/\/www.econlaw.gr\/de\/#organization"},"potentialAction":[{"@type":"SearchAction","target":{"@type":"EntryPoint","urlTemplate":"https:\/\/www.econlaw.gr\/de\/?s={search_term_string}"},"query-input":{"@type":"PropertyValueSpecification","valueRequired":true,"valueName":"search_term_string"}}],"inLanguage":"de"},{"@type":"Organization","@id":"https:\/\/www.econlaw.gr\/de\/#organization","name":"Economou &amp; Economou Law Office","url":"https:\/\/www.econlaw.gr\/de\/","logo":{"@type":"ImageObject","inLanguage":"de","@id":"https:\/\/www.econlaw.gr\/de\/#\/schema\/logo\/image\/","url":"https:\/\/www.econlaw.gr\/wp-content\/uploads\/2018\/11\/logo-side-area.png","contentUrl":"https:\/\/www.econlaw.gr\/wp-content\/uploads\/2018\/11\/logo-side-area.png","width":224,"height":68,"caption":"Economou &amp; Economou Law Office"},"image":{"@id":"https:\/\/www.econlaw.gr\/de\/#\/schema\/logo\/image\/"}}]}},"jetpack_sharing_enabled":true,"_links":{"self":[{"href":"https:\/\/www.econlaw.gr\/de\/wp-json\/wp\/v2\/pages\/2934","targetHints":{"allow":["GET"]}}],"collection":[{"href":"https:\/\/www.econlaw.gr\/de\/wp-json\/wp\/v2\/pages"}],"about":[{"href":"https:\/\/www.econlaw.gr\/de\/wp-json\/wp\/v2\/types\/page"}],"author":[{"embeddable":true,"href":"https:\/\/www.econlaw.gr\/de\/wp-json\/wp\/v2\/users\/1"}],"replies":[{"embeddable":true,"href":"https:\/\/www.econlaw.gr\/de\/wp-json\/wp\/v2\/comments?post=2934"}],"version-history":[{"count":17,"href":"https:\/\/www.econlaw.gr\/de\/wp-json\/wp\/v2\/pages\/2934\/revisions"}],"predecessor-version":[{"id":17687,"href":"https:\/\/www.econlaw.gr\/de\/wp-json\/wp\/v2\/pages\/2934\/revisions\/17687"}],"wp:featuredmedia":[{"embeddable":true,"href":"https:\/\/www.econlaw.gr\/de\/wp-json\/wp\/v2\/media\/2927"}],"wp:attachment":[{"href":"https:\/\/www.econlaw.gr\/de\/wp-json\/wp\/v2\/media?parent=2934"}],"curies":[{"name":"wp","href":"https:\/\/api.w.org\/{rel}","templated":true}]}}